{"id":2524,"date":"2023-02-15T15:00:27","date_gmt":"2023-02-15T14:00:27","guid":{"rendered":"https:\/\/huisartsenpostgorinchem.nl\/?page_id=2524"},"modified":"2025-02-26T12:10:16","modified_gmt":"2025-02-26T11:10:16","slug":"pratisyen-hekim-tibbi-istasyonu-nasil-calisir","status":"publish","type":"page","link":"https:\/\/huisartsenspoedpostgorinchem.nl\/tr\/pratisyen-hekim-tibbi-istasyonu-nasil-calisir\/","title":{"rendered":"GP sa\u011fl\u0131k istasyonu nas\u0131l \u00e7al\u0131\u015f\u0131r?"},"content":{"rendered":"\n<h3 class=\"wp-block-heading\">Sadece acil durumlar i\u00e7in<\/h3>\n\n\n\n<p>GP Medical Station sadece mesai saatleri d\u0131\u015f\u0131nda akut sa\u011fl\u0131k \u015fikayetleri i\u00e7in oradad\u0131r. Ak\u015fam ve gece (17.00-8.00), hafta sonlar\u0131 ve resmi tatil g\u00fcnlerinde (24 saat) a\u00e7\u0131\u011f\u0131z. Kendi pratisyen hekim muayenehaneniz tekrar a\u00e7\u0131lana kadar ger\u00e7ekten bekleyemeyecek acil sa\u011fl\u0131k \u015fikayetleri i\u00e7in t\u0131bbi istasyonu arars\u0131n\u0131z.<br>\u015eikayetiniz acil de\u011fil mi? Daha sonra bir sonraki i\u015f g\u00fcn\u00fc kendi pratisyen hekiminizi ziyaret edebilirsiniz. <br>\u015eikayetinizin acil olup olmad\u0131\u011f\u0131ndan emin de\u011fil misiniz? <a href=\"https:\/\/huisartsenspoedpostgorinchem.nl\/\" target=\"_blank\" rel=\"noreferrer noopener\">Ana sayfaya<\/a> gidin ve sorular\u0131 doldurun. Bu \u015fekilde doktora gitmeniz gerekip gerekmedi\u011fini 1 dakika i\u00e7inde belirleyebilirsiniz. Ayr\u0131ca <a href=\"https:\/\/www.thuisarts.nl\/\" target=\"_blank\" rel=\"noreferrer noopener\">www.thuisarts.nl&#8217;da<\/a> hastal\u0131k ve sa\u011fl\u0131k hakk\u0131nda g\u00fcvenilir bilgiler bulabilirsiniz. Bundan sonra hala teredd\u00fct ediyor musun? Ard\u0131ndan dan\u0131\u015fma i\u00e7in Gorinchem GP Acil Durum \u0130stasyonunu aray\u0131n. Telefon numaram\u0131z 0183 &#8211; 64 64 10&#8217;dur.<br><\/p>\n\n\n\n<figure class=\"wp-block-image size-full is-resized\"><img decoding=\"async\" src=\"https:\/\/huisartsenspoedpostgorinchem.nl\/wp-content\/uploads\/sites\/151\/2023\/02\/auto_ingang_huisartsenpost-e1675418100868.png\" alt=\"Ingang huisartsenspoedpost\" class=\"wp-image-4981\" style=\"width:300px\" \/><\/figure>\n\n\n\n<h3 class=\"wp-block-heading\"><br>\u00d6nceden aray\u0131n<\/h3>\n\n\n\n<p>Web sitemizde <a href=\"https:\/\/huisartsenspoedpostgorinchem.nl\/\">k\u0131sa bir anket<\/a> var. \u00d6nce doldurun. Ard\u0131ndan, sa\u011fl\u0131k merkezine ba\u015fvurman\u0131z gerekip gerekmedi\u011fi konusunda hemen tavsiye alacaks\u0131n\u0131z. GP Acil Durum \u0130stasyonu Gorinchem&#8217;e \u00f6ylece giremezsiniz. Her zaman \u00f6nce araman\u0131z gerekir. O zaman ihtiyac\u0131n\u0131z olan yard\u0131m\u0131 en h\u0131zl\u0131 \u015fekilde alacaks\u0131n\u0131z.<br> <br>Gorinchem GP Post&#8217;un numaras\u0131n\u0131 ararsan\u0131z, k\u0131sa bir men\u00fc duyacaks\u0131n\u0131z. Potansiyel olarak ya\u015fam\u0131 tehdit eden bir durumda, 1&#8217;i se\u00e7in. \u00d6ncelikli olarak size yard\u0131mc\u0131 olaca\u011f\u0131z. <br>Belirtileriniz k\u00f6t\u00fcle\u015fiyor mu yoksa de\u011fi\u015fiyor mu? Ard\u0131ndan pratisyen hekim sa\u011fl\u0131k merkezi ile tekrar ileti\u015fime ge\u00e7in.<br><\/p>\n\n\n\n<h3 class=\"wp-block-heading\"><br>Arad\u0131\u011f\u0131n\u0131zda ayr\u0131nt\u0131lar\u0131 elinizin alt\u0131nda bulundurun<\/h3>\n\n\n\n<p>GP Acil Durum \u0130stasyonu Gorinchem&#8217;i mi ar\u0131yorsunuz? Ard\u0131ndan a\u015fa\u011f\u0131daki bilgilerin elinizin alt\u0131nda oldu\u011fundan emin olun:<\/p>\n\n\n\n<ul class=\"wp-block-list\">\n<li>BSN numaran\u0131z (vatanda\u015f hizmet numaras\u0131). Bu, kimlik belgenizde (pasaport, kimlik kart\u0131 veya ehliyet) belirtilmi\u015ftir ve 9 hanelidir.<\/li>\n\n\n\n<li>Doktorunuzun ad\u0131.<\/li>\n\n\n\n<li>\u0130la\u00e7 kullan\u0131m\u0131n\u0131z.<br><br><\/li>\n<\/ul>\n\n\n\n<h3 class=\"wp-block-heading\">Ba\u015fkas\u0131 i\u00e7in mi ar\u0131yorsunuz?<\/h3>\n\n\n\n<p>Kendin i\u00e7in \u00e7a\u011f\u0131rm\u0131yor musun? Ard\u0131ndan, arad\u0131\u011f\u0131n\u0131z ki\u015finin t\u00fcm ayr\u0131nt\u0131lar\u0131n\u0131 sa\u011flay\u0131n. Ayr\u0131ca arad\u0131\u011f\u0131n\u0131zda hastaya yak\u0131n oldu\u011funuzdan emin olun. Daha sonra semptomlar\u0131 m\u00fcmk\u00fcn oldu\u011funca iyi tan\u0131mlayabilirsiniz. Bazen triyaj hem\u015firesi hastaya kendisi de birka\u00e7 soru sormak ister.<br><br><\/p>\n\n\n\n<h3 class=\"wp-block-heading\">Ne bekleyebilirsiniz?<\/h3>\n\n\n\n<p>GP Acil Durum \u0130stasyonu Gorinchem&#8217;i ararsan\u0131z, telefonda bir triyaj hem\u015firesi alacaks\u0131n\u0131z. Bu, semptomlar\u0131n\u0131z\u0131n ne kadar ciddi oldu\u011funu ve neye ihtiya\u00e7 duyuldu\u011funu h\u0131zl\u0131 bir \u015fekilde belirlemek i\u00e7in \u00f6zel olarak e\u011fitilmi\u015f bir \u00e7al\u0131\u015fand\u0131r. Bu her zaman t\u0131bbi istasyonda g\u00f6revli pratisyen hekime dan\u0131\u015f\u0131larak yap\u0131l\u0131r. \u00dc\u00e7 olas\u0131l\u0131k vard\u0131r:<\/p>\n\n\n\n<ul class=\"wp-block-list\">\n<li>Telefonla dan\u0131\u015fmanl\u0131k hizmeti alacaks\u0131n\u0131z. Triyaj hem\u015firesi telefonda ki\u015fisel bak\u0131m tavsiyelerini a\u00e7\u0131klayacakt\u0131r. Bu, pratisyen hekim taraf\u0131ndan kontrol edilmi\u015ftir.<\/li>\n\n\n\n<li>Triyaj hem\u015firesi, Gorinchem GP Acil Durum \u0130stasyonunda bir randevu al\u0131r. Orada bir pratisyen hekim veya hem\u015fire sizi muayene edecektir.<\/li>\n\n\n\n<li>Aile hekimi sizi evinizde ziyaret edecektir. Ev ziyareti, yaln\u0131zca t\u0131bbi nedenlerden dolay\u0131 GP acil durum istasyonuna kendiniz gelemiyorsan\u0131z ger\u00e7ekle\u015fir.<\/li>\n<\/ul>\n\n\n\n<p>\n","protected":false},"excerpt":{"rendered":"<p>Mesai saatleri d\u0131\u015f\u0131nda pratisyen hekim hizmeti sadece ak\u015famlar\u0131, geceleri, hafta sonlar\u0131 ve resmi tatillerde acil olan \u015fikayetler i\u00e7in mevcuttur. \u015eikayetiniz acil de\u011fil mi? Ard\u0131ndan bir sonraki i\u015f g\u00fcn\u00fc kendi pratisyen hekiminizi ziyaret edebilirsiniz. \u015eikayetinizin acil olup olmad\u0131\u011f\u0131ndan emin de\u011fil misiniz? Ana sayfaya gidin ve sorular\u0131 doldurun. Bu sayede doktora gitmeniz gerekip gerekmedi\u011fini 1 dakika i\u00e7inde belirleyebilirsiniz. Ayr\u0131ca www.thuisarts.nl&#8217;da hastal\u0131k ve sa\u011fl\u0131k hakk\u0131nda g\u00fcvenilir bilgiler bulabilirsiniz. Bundan sonra hala teredd\u00fct ediyor musun? Ard\u0131ndan dan\u0131\u015fma i\u00e7in Gorinchem GP Post&#8217;u aray\u0131n. \u00d6nce aray\u0131n Web sitemizde k\u0131sa bir [&#8230;]<\/p>\n","protected":false},"author":29,"featured_media":0,"parent":0,"menu_order":0,"comment_status":"closed","ping_status":"closed","template":"","meta":{"_acf_changed":false,"_trash_the_other_posts":false,"editor_notices":[],"footnotes":""},"class_list":["post-2524","page","type-page","status-publish","hentry"],"acf":[],"yoast_head":"<!-- This site is optimized with the Yoast SEO plugin v26.6 - https:\/\/yoast.com\/wordpress\/plugins\/seo\/ -->\n<title>GP sa\u011fl\u0131k istasyonu nas\u0131l \u00e7al\u0131\u015f\u0131r? - Huisartsenspoedpost Gorinchem - T\u00fcrk\u00e7e<\/title>\n<meta name=\"description\" content=\"Mesai saatleri d\u0131\u015f\u0131nda pratisyen hekim hizmeti sadece mesai saatleri d\u0131\u015f\u0131ndaki acil durumlar i\u00e7indir. Her zaman \u00f6nce araman\u0131z gerekir ve \u00f6ylece u\u011frayamazs\u0131n\u0131z.\" \/>\n<meta name=\"robots\" content=\"index, follow, max-snippet:-1, max-image-preview:large, max-video-preview:-1\" \/>\n<link rel=\"canonical\" href=\"https:\/\/huisartsenspoedpostgorinchem.nl\/tr\/mesai-saatleri-disinda-gp-hizmeti-nasil-calisilir\/\" \/>\n<meta property=\"og:locale\" content=\"tr_TR\" \/>\n<meta property=\"og:type\" content=\"article\" \/>\n<meta property=\"og:title\" content=\"GP sa\u011fl\u0131k istasyonu nas\u0131l \u00e7al\u0131\u015f\u0131r? - Huisartsenspoedpost Gorinchem - T\u00fcrk\u00e7e\" \/>\n<meta property=\"og:description\" content=\"Mesai saatleri d\u0131\u015f\u0131nda pratisyen hekim hizmeti sadece mesai saatleri d\u0131\u015f\u0131ndaki acil durumlar i\u00e7indir. Her zaman \u00f6nce araman\u0131z gerekir ve \u00f6ylece u\u011frayamazs\u0131n\u0131z.\" \/>\n<meta property=\"og:url\" content=\"https:\/\/huisartsenspoedpostgorinchem.nl\/tr\/mesai-saatleri-disinda-gp-hizmeti-nasil-calisilir\/\" \/>\n<meta property=\"og:site_name\" content=\"Huisartsenspoedpost Gorinchem - T\u00fcrk\u00e7e\" \/>\n<meta property=\"article:modified_time\" content=\"2025-02-26T11:10:16+00:00\" \/>\n<meta name=\"twitter:card\" content=\"summary_large_image\" \/>\n<meta name=\"twitter:label1\" content=\"Tahmini okuma s\u00fcresi\" \/>\n\t<meta name=\"twitter:data1\" content=\"3 dakika\" \/>\n<script type=\"application\/ld+json\" class=\"yoast-schema-graph\">{\"@context\":\"https:\/\/schema.org\",\"@graph\":[{\"@type\":\"WebPage\",\"@id\":\"https:\/\/huisartsenspoedpostgorinchem.nl\/tr\/mesai-saatleri-disinda-gp-hizmeti-nasil-calisilir\/\",\"url\":\"https:\/\/huisartsenspoedpostgorinchem.nl\/tr\/mesai-saatleri-disinda-gp-hizmeti-nasil-calisilir\/\",\"name\":\"GP sa\u011fl\u0131k istasyonu nas\u0131l \u00e7al\u0131\u015f\u0131r? - Huisartsenspoedpost Gorinchem - T\u00fcrk\u00e7e\",\"isPartOf\":{\"@id\":\"https:\/\/huisartsenspoedpostgorinchem.nl\/tr\/#website\"},\"primaryImageOfPage\":{\"@id\":\"https:\/\/huisartsenspoedpostgorinchem.nl\/tr\/mesai-saatleri-disinda-gp-hizmeti-nasil-calisilir\/#primaryimage\"},\"image\":{\"@id\":\"https:\/\/huisartsenspoedpostgorinchem.nl\/tr\/mesai-saatleri-disinda-gp-hizmeti-nasil-calisilir\/#primaryimage\"},\"thumbnailUrl\":\"https:\/\/huisartsenspoedpostgorinchem.nl\/wp-content\/uploads\/sites\/151\/2023\/02\/auto_ingang_huisartsenpost-e1675418100868.png\",\"datePublished\":\"2023-02-15T14:00:27+00:00\",\"dateModified\":\"2025-02-26T11:10:16+00:00\",\"description\":\"Mesai saatleri d\u0131\u015f\u0131nda pratisyen hekim hizmeti sadece mesai saatleri d\u0131\u015f\u0131ndaki acil durumlar i\u00e7indir. Her zaman \u00f6nce araman\u0131z gerekir ve \u00f6ylece u\u011frayamazs\u0131n\u0131z.\",\"breadcrumb\":{\"@id\":\"https:\/\/huisartsenspoedpostgorinchem.nl\/tr\/mesai-saatleri-disinda-gp-hizmeti-nasil-calisilir\/#breadcrumb\"},\"inLanguage\":\"tr\",\"potentialAction\":[{\"@type\":\"ReadAction\",\"target\":[\"https:\/\/huisartsenspoedpostgorinchem.nl\/tr\/mesai-saatleri-disinda-gp-hizmeti-nasil-calisilir\/\"]}]},{\"@type\":\"ImageObject\",\"inLanguage\":\"tr\",\"@id\":\"https:\/\/huisartsenspoedpostgorinchem.nl\/tr\/mesai-saatleri-disinda-gp-hizmeti-nasil-calisilir\/#primaryimage\",\"url\":\"https:\/\/huisartsenspoedpostgorinchem.nl\/wp-content\/uploads\/sites\/151\/2023\/02\/auto_ingang_huisartsenpost-e1675418100868.png\",\"contentUrl\":\"https:\/\/huisartsenspoedpostgorinchem.nl\/wp-content\/uploads\/sites\/151\/2023\/02\/auto_ingang_huisartsenpost-e1675418100868.png\"},{\"@type\":\"BreadcrumbList\",\"@id\":\"https:\/\/huisartsenspoedpostgorinchem.nl\/tr\/mesai-saatleri-disinda-gp-hizmeti-nasil-calisilir\/#breadcrumb\",\"itemListElement\":[{\"@type\":\"ListItem\",\"position\":1,\"name\":\"Home\",\"item\":\"https:\/\/huisartsenspoedpostgorinchem.nl\/tr\/\"},{\"@type\":\"ListItem\",\"position\":2,\"name\":\"Mesai saatleri d\u0131\u015f\u0131nda pratisyen hekim hizmeti nas\u0131l \u00e7al\u0131\u015f\u0131r?\"}]},{\"@type\":\"WebSite\",\"@id\":\"https:\/\/huisartsenspoedpostgorinchem.nl\/tr\/#website\",\"url\":\"https:\/\/huisartsenspoedpostgorinchem.nl\/tr\/\",\"name\":\"Huisartsenspoedpost Gorinchem - T\u00fcrk\u00e7e\",\"description\":\"\",\"potentialAction\":[{\"@type\":\"SearchAction\",\"target\":{\"@type\":\"EntryPoint\",\"urlTemplate\":\"https:\/\/huisartsenspoedpostgorinchem.nl\/tr\/?s={search_term_string}\"},\"query-input\":{\"@type\":\"PropertyValueSpecification\",\"valueRequired\":true,\"valueName\":\"search_term_string\"}}],\"inLanguage\":\"tr\"}]}<\/script>\n<!-- \/ Yoast SEO plugin. -->","yoast_head_json":{"title":"GP sa\u011fl\u0131k istasyonu nas\u0131l \u00e7al\u0131\u015f\u0131r? - Huisartsenspoedpost Gorinchem - T\u00fcrk\u00e7e","description":"Mesai saatleri d\u0131\u015f\u0131nda pratisyen hekim hizmeti sadece mesai saatleri d\u0131\u015f\u0131ndaki acil durumlar i\u00e7indir. Her zaman \u00f6nce araman\u0131z gerekir ve \u00f6ylece u\u011frayamazs\u0131n\u0131z.","robots":{"index":"index","follow":"follow","max-snippet":"max-snippet:-1","max-image-preview":"max-image-preview:large","max-video-preview":"max-video-preview:-1"},"canonical":"https:\/\/huisartsenspoedpostgorinchem.nl\/tr\/mesai-saatleri-disinda-gp-hizmeti-nasil-calisilir\/","og_locale":"tr_TR","og_type":"article","og_title":"GP sa\u011fl\u0131k istasyonu nas\u0131l \u00e7al\u0131\u015f\u0131r? - Huisartsenspoedpost Gorinchem - T\u00fcrk\u00e7e","og_description":"Mesai saatleri d\u0131\u015f\u0131nda pratisyen hekim hizmeti sadece mesai saatleri d\u0131\u015f\u0131ndaki acil durumlar i\u00e7indir. Her zaman \u00f6nce araman\u0131z gerekir ve \u00f6ylece u\u011frayamazs\u0131n\u0131z.","og_url":"https:\/\/huisartsenspoedpostgorinchem.nl\/tr\/mesai-saatleri-disinda-gp-hizmeti-nasil-calisilir\/","og_site_name":"Huisartsenspoedpost Gorinchem - T\u00fcrk\u00e7e","article_modified_time":"2025-02-26T11:10:16+00:00","twitter_card":"summary_large_image","twitter_misc":{"Tahmini okuma s\u00fcresi":"3 dakika"},"schema":{"@context":"https:\/\/schema.org","@graph":[{"@type":"WebPage","@id":"https:\/\/huisartsenspoedpostgorinchem.nl\/tr\/mesai-saatleri-disinda-gp-hizmeti-nasil-calisilir\/","url":"https:\/\/huisartsenspoedpostgorinchem.nl\/tr\/mesai-saatleri-disinda-gp-hizmeti-nasil-calisilir\/","name":"GP sa\u011fl\u0131k istasyonu nas\u0131l \u00e7al\u0131\u015f\u0131r? - Huisartsenspoedpost Gorinchem - T\u00fcrk\u00e7e","isPartOf":{"@id":"https:\/\/huisartsenspoedpostgorinchem.nl\/tr\/#website"},"primaryImageOfPage":{"@id":"https:\/\/huisartsenspoedpostgorinchem.nl\/tr\/mesai-saatleri-disinda-gp-hizmeti-nasil-calisilir\/#primaryimage"},"image":{"@id":"https:\/\/huisartsenspoedpostgorinchem.nl\/tr\/mesai-saatleri-disinda-gp-hizmeti-nasil-calisilir\/#primaryimage"},"thumbnailUrl":"https:\/\/huisartsenspoedpostgorinchem.nl\/wp-content\/uploads\/sites\/151\/2023\/02\/auto_ingang_huisartsenpost-e1675418100868.png","datePublished":"2023-02-15T14:00:27+00:00","dateModified":"2025-02-26T11:10:16+00:00","description":"Mesai saatleri d\u0131\u015f\u0131nda pratisyen hekim hizmeti sadece mesai saatleri d\u0131\u015f\u0131ndaki acil durumlar i\u00e7indir. Her zaman \u00f6nce araman\u0131z gerekir ve \u00f6ylece u\u011frayamazs\u0131n\u0131z.","breadcrumb":{"@id":"https:\/\/huisartsenspoedpostgorinchem.nl\/tr\/mesai-saatleri-disinda-gp-hizmeti-nasil-calisilir\/#breadcrumb"},"inLanguage":"tr","potentialAction":[{"@type":"ReadAction","target":["https:\/\/huisartsenspoedpostgorinchem.nl\/tr\/mesai-saatleri-disinda-gp-hizmeti-nasil-calisilir\/"]}]},{"@type":"ImageObject","inLanguage":"tr","@id":"https:\/\/huisartsenspoedpostgorinchem.nl\/tr\/mesai-saatleri-disinda-gp-hizmeti-nasil-calisilir\/#primaryimage","url":"https:\/\/huisartsenspoedpostgorinchem.nl\/wp-content\/uploads\/sites\/151\/2023\/02\/auto_ingang_huisartsenpost-e1675418100868.png","contentUrl":"https:\/\/huisartsenspoedpostgorinchem.nl\/wp-content\/uploads\/sites\/151\/2023\/02\/auto_ingang_huisartsenpost-e1675418100868.png"},{"@type":"BreadcrumbList","@id":"https:\/\/huisartsenspoedpostgorinchem.nl\/tr\/mesai-saatleri-disinda-gp-hizmeti-nasil-calisilir\/#breadcrumb","itemListElement":[{"@type":"ListItem","position":1,"name":"Home","item":"https:\/\/huisartsenspoedpostgorinchem.nl\/tr\/"},{"@type":"ListItem","position":2,"name":"Mesai saatleri d\u0131\u015f\u0131nda pratisyen hekim hizmeti nas\u0131l \u00e7al\u0131\u015f\u0131r?"}]},{"@type":"WebSite","@id":"https:\/\/huisartsenspoedpostgorinchem.nl\/tr\/#website","url":"https:\/\/huisartsenspoedpostgorinchem.nl\/tr\/","name":"Huisartsenspoedpost Gorinchem - T\u00fcrk\u00e7e","description":"","potentialAction":[{"@type":"SearchAction","target":{"@type":"EntryPoint","urlTemplate":"https:\/\/huisartsenspoedpostgorinchem.nl\/tr\/?s={search_term_string}"},"query-input":{"@type":"PropertyValueSpecification","valueRequired":true,"valueName":"search_term_string"}}],"inLanguage":"tr"}]}},"_links":{"self":[{"href":"https:\/\/huisartsenspoedpostgorinchem.nl\/tr\/wp-json\/wp\/v2\/pages\/2524","targetHints":{"allow":["GET"]}}],"collection":[{"href":"https:\/\/huisartsenspoedpostgorinchem.nl\/tr\/wp-json\/wp\/v2\/pages"}],"about":[{"href":"https:\/\/huisartsenspoedpostgorinchem.nl\/tr\/wp-json\/wp\/v2\/types\/page"}],"author":[{"embeddable":true,"href":"https:\/\/huisartsenspoedpostgorinchem.nl\/tr\/wp-json\/wp\/v2\/users\/29"}],"replies":[{"embeddable":true,"href":"https:\/\/huisartsenspoedpostgorinchem.nl\/tr\/wp-json\/wp\/v2\/comments?post=2524"}],"version-history":[{"count":10,"href":"https:\/\/huisartsenspoedpostgorinchem.nl\/tr\/wp-json\/wp\/v2\/pages\/2524\/revisions"}],"predecessor-version":[{"id":4790,"href":"https:\/\/huisartsenspoedpostgorinchem.nl\/tr\/wp-json\/wp\/v2\/pages\/2524\/revisions\/4790"}],"wp:attachment":[{"href":"https:\/\/huisartsenspoedpostgorinchem.nl\/tr\/wp-json\/wp\/v2\/media?parent=2524"}],"curies":[{"name":"wp","href":"https:\/\/api.w.org\/{rel}","templated":true}]}}