{"id":2502,"date":"2023-02-14T14:50:48","date_gmt":"2023-02-14T13:50:48","guid":{"rendered":"https:\/\/huisartsenpostgorinchem.nl\/?page_id=2502"},"modified":"2025-03-12T10:35:54","modified_gmt":"2025-03-12T09:35:54","slug":"form-sikayet-veya-iltifat","status":"publish","type":"page","link":"https:\/\/huisartsenspoedpostgorinchem.nl\/tr\/form-sikayet-veya-iltifat\/","title":{"rendered":"Bak\u0131m\u0131m\u0131zdan memnun kald\u0131n\u0131z m\u0131?"},"content":{"rendered":"\n<h3 class=\"wp-block-heading\">Bir \u015fikayetiniz veya iyile\u015ftirilmesi gereken bir noktan\u0131z m\u0131 var?<\/h3>\n\n\n\n<p>Gorinchem GP Acil Durum \u0130stasyonunun t\u00fcm \u00e7al\u0131\u015fanlar\u0131 i\u015flerini m\u00fcmk\u00fcn oldu\u011funca iyi ve do\u011fru bir \u015fekilde yaparlar. Her hastaya do\u011fru tavsiyeyi veya en iyi bak\u0131m\u0131 vermek i\u00e7in \u00e7ok \u00e7al\u0131\u015f\u0131rlar. <br>Ancak, sa\u011flanan bak\u0131mdan veya hizmetlerimizden memnun kalmayabilirsiniz. \u00d6rne\u011fin, telefondaki ileti\u015fim veya pratisyen hekimin tedavisi hakk\u0131nda. <br>Sizden haber almak ve geri bildiriminiz i\u00e7in te\u015fekk\u00fcr ederiz. \u015eikayet veya iltifat i\u00e7in formu doldurun. Bu \u015fekilde, Gorinchem GP Acil Durum \u0130stasyonu deneyimlerinizden \u00f6\u011frenebilir ve hizmetlerimizi daha da geli\u015ftirebiliriz.<\/p>\n\n\n\n<h3 class=\"wp-block-heading\"><img decoding=\"async\" class=\"wp-image-5121\" style=\"width: 300px\" src=\"https:\/\/huisartsenspoedpostgorinchem.nl\/wp-content\/uploads\/sites\/151\/2025\/02\/HZtriage-5746.jpg\" alt=\"Ontvangst bij balie\"><br><br>Bir \u015fikayeti nas\u0131l bildirebilirsiniz?<\/h3>\n\n\n\n<p>\u015eikayetinizi veya ele\u015ftirinizi derhal t\u0131bbi istasyondaki personelimizden biriyle g\u00f6r\u00fc\u015fmeniz en iyisidir. Yorumlar\u0131n\u0131za a\u00e7\u0131kt\u0131rlar. B\u00f6yle bir konu\u015fma genellikle ayd\u0131nlat\u0131c\u0131d\u0131r. \u015eikayetinizin nedenini zaten ortadan kald\u0131rabilir. Sorunu \u00e7al\u0131\u015fanla \u00e7\u00f6zemiyor musunuz veya herhangi bir sorunuz mu var? Daha sonra \u015fikayetinizi online \u015fikayet formu arac\u0131l\u0131\u011f\u0131yla bildirebilirsiniz.<br><a href=\"\/formulier-klacht-of-compliment\/klachtenformulier\/\" target=\"_blank\" rel=\"noreferrer noopener\">\u015eikayet formunu doldurmak i\u00e7in buraya t\u0131klay\u0131n<\/a>.<br><br>Doldurulmu\u015f bu formun bir kopyas\u0131 otomatik olarak posta kutunuza g\u00f6nderilecektir. \u015eikayet g\u00f6revlimiz daha sonra birka\u00e7 i\u015f g\u00fcn\u00fc i\u00e7inde sizinle ileti\u015fime ge\u00e7ecektir. Verilerinizi gizli tutuyoruz. \u015eikayet sorumlumuza 0183 &#8211; 64 64 15 numaral\u0131 telefondan veya e-posta <a href=\"mailto:kwaliteit@huisartsenzorg.nl\">kwaliteit@huisartsenzorg.nl<\/a> ile ula\u015fabilirsiniz.<\/p>\n\n\n\n<h3 class=\"wp-block-heading\"><br>\u015eikayet prosed\u00fcr\u00fc<\/h3>\n\n\n\n<p>GP Acil Durum \u0130stasyonu Gorinchem&#8217;in <a href=\"\/wp-content\/uploads\/sites\/151\/2025\/03\/klachtenregeling_Huisartsenpost_Gorinchem_maart_2025_def.pdf\" target=\"_blank\" rel=\"noreferrer noopener\">\u015fikayet prosed\u00fcr\u00fc i\u00e7in buraya t\u0131klay\u0131n<\/a>.<\/p>\n\n\n\n<h3 class=\"wp-block-heading\"><br>Birinci Basamakta \u015eikayet ve Uyu\u015fmazl\u0131klar Vakf\u0131<\/h3>\n\n\n\n<p>Gorinchem GP Acil Durum \u0130stasyonu, <a href=\"https:\/\/www.skge.nl\/\" target=\"_blank\" rel=\"noreferrer noopener\">www.skge.nl<\/a> Birinci Basamakta \u015eikayetler ve Anla\u015fmazl\u0131klar Vakf\u0131&#8217;na ba\u011fl\u0131d\u0131r.<br>Arabuluculuk g\u00f6r\u00fc\u015fmesinin sizce yetersiz sonu\u00e7 verdi\u011fini d\u00fc\u015f\u00fcn\u00fcyor musunuz? Yoksa GP Acil Durum \u0130stasyonu Gorinchem&#8217;in g\u00f6r\u00fc\u015f\u00fcne kat\u0131lm\u0131yor musunuz? Daha sonra SKGE&#8217;den \u015fikayetinizle ilgili bir karar vermesini isteyebilirsiniz. Bu anla\u015fmazl\u0131k \u00e7\u00f6z\u00fcm organ\u0131n\u0131n karar\u0131 ba\u011flay\u0131c\u0131d\u0131r.<br><br><em><strong>Bilmek \u00f6nemli olan<\/strong>: <\/em><br>Acil Servis (ED), Pratisyen Hekim ve Bak\u0131m veya Pratisyen Hekim Acil Durum \u0130stasyonu Gorinchem de\u011fil, <a href=\"https:\/\/www.rivas.nl\/\" target=\"_blank\" rel=\"noreferrer noopener\">Rivas Zorggroep<\/a> Beatrix Hastanesi&#8217;nin bir par\u00e7as\u0131d\u0131r. <br>A&amp;E ile ilgili \u015fikayetler i\u00e7in l\u00fctfen <a href=\"https:\/\/rivas.nl\/over-rivas\/geef-uw-mening\/klacht-indienen\/\" target=\"_blank\" rel=\"noreferrer noopener\">Rivas<\/a> web sitesine bak\u0131n.<\/p>\n\n\n\n<h3 class=\"wp-block-heading\"><br>Bir iltifat veya ipucunuz var m\u0131?<\/h3>\n\n\n\n<p>\u00d6zellikle memnun kald\u0131ysan\u0131z sizden haber almak isteriz! \u00c7al\u0131\u015fanlar\u0131m\u0131zdan veya pratisyen hekimlerimizden biri i\u00e7in bir iltifat\u0131n\u0131z var m\u0131? Bu iltifat\u0131 iletirseniz te\u015fekk\u00fcr ederim. <br>Gorinchem GP Acil Durum \u0130stasyonu&#8217;ndaki hizmetlerimizi nas\u0131l geli\u015ftirebilece\u011fimiz hakk\u0131nda bir fikriniz var m\u0131? Bize bildirirseniz ger\u00e7ekten minnettar oluruz.<br><a href=\"\/formulier-klacht-of-compliment\/complimentenformulier\/\" target=\"_blank\" rel=\"noreferrer noopener\">\u0130ltifat\u0131n\u0131z\u0131 veya bah\u015fi\u015finizi bize iletmek i\u00e7in buraya t\u0131klay\u0131n<\/a> .<\/p>\n","protected":false},"excerpt":{"rendered":"<p>Bir \u015fikayetiniz veya iyile\u015ftirilmesi gereken bir noktan\u0131z m\u0131 var? Gorinchem GP Post&#8217;un t\u00fcm \u00e7al\u0131\u015fanlar\u0131 i\u015flerini m\u00fcmk\u00fcn oldu\u011funca iyi ve do\u011fru bir \u015fekilde yap\u0131yor. Size do\u011fru tavsiyeyi veya en iyi bak\u0131m\u0131 vermek i\u00e7in \u00e7ok \u00e7al\u0131\u015f\u0131yorlar. Ancak, sa\u011flanan bak\u0131mdan veya hizmetlerimizden memnun kalmaman\u0131z m\u00fcmk\u00fcnd\u00fcr. \u00d6rne\u011fin, telefondaki temas veya pratisyen hekimin tedavisi hakk\u0131nda. Sizden haber almak isteriz. \u015eikayet veya iltifat i\u00e7in formu doldurun. Bu \u015fekilde, Gorinchem GP Post deneyimlerinizden \u00f6\u011frenebilir ve hizmetlerimizi daha da geli\u015ftirebiliriz. Bir \u015fikayeti nas\u0131l bildirebilirsiniz? [&hellip;]<\/p>\n","protected":false},"author":3,"featured_media":0,"parent":0,"menu_order":0,"comment_status":"closed","ping_status":"closed","template":"","meta":{"_acf_changed":false,"_trash_the_other_posts":false,"editor_notices":[],"footnotes":""},"class_list":["post-2502","page","type-page","status-publish","hentry"],"acf":[],"yoast_head":"<!-- This site is optimized with the Yoast SEO plugin v26.6 - https:\/\/yoast.com\/wordpress\/plugins\/seo\/ -->\n<title>Bak\u0131m\u0131m\u0131zdan memnun kald\u0131n\u0131z m\u0131? - Huisartsenspoedpost Gorinchem - T\u00fcrk\u00e7e<\/title>\n<meta name=\"description\" content=\"Hizmetlerimizi nas\u0131l deneyimlediniz? Geli\u015fim i\u00e7in noktalara a\u00e7\u0131\u011f\u0131z. \u015eikayet veya iltifat i\u00e7in formu doldurun.\" \/>\n<meta name=\"robots\" content=\"index, follow, max-snippet:-1, max-image-preview:large, max-video-preview:-1\" \/>\n<link rel=\"canonical\" href=\"https:\/\/huisartsenspoedpostgorinchem.nl\/tr\/sikayet-veya-iltifat\/\" \/>\n<meta property=\"og:locale\" content=\"tr_TR\" \/>\n<meta property=\"og:type\" content=\"article\" \/>\n<meta property=\"og:title\" content=\"Bak\u0131m\u0131m\u0131zdan memnun kald\u0131n\u0131z m\u0131? - Huisartsenspoedpost Gorinchem - T\u00fcrk\u00e7e\" \/>\n<meta property=\"og:description\" content=\"Hizmetlerimizi nas\u0131l deneyimlediniz? Geli\u015fim i\u00e7in noktalara a\u00e7\u0131\u011f\u0131z. \u015eikayet veya iltifat i\u00e7in formu doldurun.\" \/>\n<meta property=\"og:url\" content=\"https:\/\/huisartsenspoedpostgorinchem.nl\/tr\/sikayet-veya-iltifat\/\" \/>\n<meta property=\"og:site_name\" content=\"Huisartsenspoedpost Gorinchem - T\u00fcrk\u00e7e\" \/>\n<meta property=\"article:modified_time\" content=\"2025-03-12T09:35:54+00:00\" \/>\n<meta name=\"twitter:card\" content=\"summary_large_image\" \/>\n<meta name=\"twitter:label1\" content=\"Tahmini okuma s\u00fcresi\" \/>\n\t<meta name=\"twitter:data1\" content=\"2 dakika\" \/>\n<script type=\"application\/ld+json\" class=\"yoast-schema-graph\">{\"@context\":\"https:\/\/schema.org\",\"@graph\":[{\"@type\":\"WebPage\",\"@id\":\"https:\/\/huisartsenspoedpostgorinchem.nl\/tr\/sikayet-veya-iltifat\/\",\"url\":\"https:\/\/huisartsenspoedpostgorinchem.nl\/tr\/sikayet-veya-iltifat\/\",\"name\":\"Bak\u0131m\u0131m\u0131zdan memnun kald\u0131n\u0131z m\u0131? - Huisartsenspoedpost Gorinchem - T\u00fcrk\u00e7e\",\"isPartOf\":{\"@id\":\"https:\/\/huisartsenspoedpostgorinchem.nl\/tr\/#website\"},\"primaryImageOfPage\":{\"@id\":\"https:\/\/huisartsenspoedpostgorinchem.nl\/tr\/sikayet-veya-iltifat\/#primaryimage\"},\"image\":{\"@id\":\"https:\/\/huisartsenspoedpostgorinchem.nl\/tr\/sikayet-veya-iltifat\/#primaryimage\"},\"thumbnailUrl\":\"https:\/\/huisartsenspoedpostgorinchem.nl\/wp-content\/uploads\/sites\/151\/2025\/02\/HZtriage-5746.jpg\",\"datePublished\":\"2023-02-14T13:50:48+00:00\",\"dateModified\":\"2025-03-12T09:35:54+00:00\",\"description\":\"Hizmetlerimizi nas\u0131l deneyimlediniz? Geli\u015fim i\u00e7in noktalara a\u00e7\u0131\u011f\u0131z. \u015eikayet veya iltifat i\u00e7in formu doldurun.\",\"breadcrumb\":{\"@id\":\"https:\/\/huisartsenspoedpostgorinchem.nl\/tr\/sikayet-veya-iltifat\/#breadcrumb\"},\"inLanguage\":\"tr\",\"potentialAction\":[{\"@type\":\"ReadAction\",\"target\":[\"https:\/\/huisartsenspoedpostgorinchem.nl\/tr\/sikayet-veya-iltifat\/\"]}]},{\"@type\":\"ImageObject\",\"inLanguage\":\"tr\",\"@id\":\"https:\/\/huisartsenspoedpostgorinchem.nl\/tr\/sikayet-veya-iltifat\/#primaryimage\",\"url\":\"https:\/\/huisartsenspoedpostgorinchem.nl\/wp-content\/uploads\/sites\/151\/2025\/02\/HZtriage-5746.jpg\",\"contentUrl\":\"https:\/\/huisartsenspoedpostgorinchem.nl\/wp-content\/uploads\/sites\/151\/2025\/02\/HZtriage-5746.jpg\"},{\"@type\":\"BreadcrumbList\",\"@id\":\"https:\/\/huisartsenspoedpostgorinchem.nl\/tr\/sikayet-veya-iltifat\/#breadcrumb\",\"itemListElement\":[{\"@type\":\"ListItem\",\"position\":1,\"name\":\"Home\",\"item\":\"https:\/\/huisartsenspoedpostgorinchem.nl\/tr\/\"},{\"@type\":\"ListItem\",\"position\":2,\"name\":\"Bak\u0131m\u0131m\u0131zdan memnun musunuz?\"}]},{\"@type\":\"WebSite\",\"@id\":\"https:\/\/huisartsenspoedpostgorinchem.nl\/tr\/#website\",\"url\":\"https:\/\/huisartsenspoedpostgorinchem.nl\/tr\/\",\"name\":\"Huisartsenspoedpost Gorinchem - T\u00fcrk\u00e7e\",\"description\":\"\",\"potentialAction\":[{\"@type\":\"SearchAction\",\"target\":{\"@type\":\"EntryPoint\",\"urlTemplate\":\"https:\/\/huisartsenspoedpostgorinchem.nl\/tr\/?s={search_term_string}\"},\"query-input\":{\"@type\":\"PropertyValueSpecification\",\"valueRequired\":true,\"valueName\":\"search_term_string\"}}],\"inLanguage\":\"tr\"}]}<\/script>\n<!-- \/ Yoast SEO plugin. -->","yoast_head_json":{"title":"Bak\u0131m\u0131m\u0131zdan memnun kald\u0131n\u0131z m\u0131? - Huisartsenspoedpost Gorinchem - T\u00fcrk\u00e7e","description":"Hizmetlerimizi nas\u0131l deneyimlediniz? Geli\u015fim i\u00e7in noktalara a\u00e7\u0131\u011f\u0131z. \u015eikayet veya iltifat i\u00e7in formu doldurun.","robots":{"index":"index","follow":"follow","max-snippet":"max-snippet:-1","max-image-preview":"max-image-preview:large","max-video-preview":"max-video-preview:-1"},"canonical":"https:\/\/huisartsenspoedpostgorinchem.nl\/tr\/sikayet-veya-iltifat\/","og_locale":"tr_TR","og_type":"article","og_title":"Bak\u0131m\u0131m\u0131zdan memnun kald\u0131n\u0131z m\u0131? - Huisartsenspoedpost Gorinchem - T\u00fcrk\u00e7e","og_description":"Hizmetlerimizi nas\u0131l deneyimlediniz? Geli\u015fim i\u00e7in noktalara a\u00e7\u0131\u011f\u0131z. \u015eikayet veya iltifat i\u00e7in formu doldurun.","og_url":"https:\/\/huisartsenspoedpostgorinchem.nl\/tr\/sikayet-veya-iltifat\/","og_site_name":"Huisartsenspoedpost Gorinchem - T\u00fcrk\u00e7e","article_modified_time":"2025-03-12T09:35:54+00:00","twitter_card":"summary_large_image","twitter_misc":{"Tahmini okuma s\u00fcresi":"2 dakika"},"schema":{"@context":"https:\/\/schema.org","@graph":[{"@type":"WebPage","@id":"https:\/\/huisartsenspoedpostgorinchem.nl\/tr\/sikayet-veya-iltifat\/","url":"https:\/\/huisartsenspoedpostgorinchem.nl\/tr\/sikayet-veya-iltifat\/","name":"Bak\u0131m\u0131m\u0131zdan memnun kald\u0131n\u0131z m\u0131? - Huisartsenspoedpost Gorinchem - T\u00fcrk\u00e7e","isPartOf":{"@id":"https:\/\/huisartsenspoedpostgorinchem.nl\/tr\/#website"},"primaryImageOfPage":{"@id":"https:\/\/huisartsenspoedpostgorinchem.nl\/tr\/sikayet-veya-iltifat\/#primaryimage"},"image":{"@id":"https:\/\/huisartsenspoedpostgorinchem.nl\/tr\/sikayet-veya-iltifat\/#primaryimage"},"thumbnailUrl":"https:\/\/huisartsenspoedpostgorinchem.nl\/wp-content\/uploads\/sites\/151\/2025\/02\/HZtriage-5746.jpg","datePublished":"2023-02-14T13:50:48+00:00","dateModified":"2025-03-12T09:35:54+00:00","description":"Hizmetlerimizi nas\u0131l deneyimlediniz? Geli\u015fim i\u00e7in noktalara a\u00e7\u0131\u011f\u0131z. \u015eikayet veya iltifat i\u00e7in formu doldurun.","breadcrumb":{"@id":"https:\/\/huisartsenspoedpostgorinchem.nl\/tr\/sikayet-veya-iltifat\/#breadcrumb"},"inLanguage":"tr","potentialAction":[{"@type":"ReadAction","target":["https:\/\/huisartsenspoedpostgorinchem.nl\/tr\/sikayet-veya-iltifat\/"]}]},{"@type":"ImageObject","inLanguage":"tr","@id":"https:\/\/huisartsenspoedpostgorinchem.nl\/tr\/sikayet-veya-iltifat\/#primaryimage","url":"https:\/\/huisartsenspoedpostgorinchem.nl\/wp-content\/uploads\/sites\/151\/2025\/02\/HZtriage-5746.jpg","contentUrl":"https:\/\/huisartsenspoedpostgorinchem.nl\/wp-content\/uploads\/sites\/151\/2025\/02\/HZtriage-5746.jpg"},{"@type":"BreadcrumbList","@id":"https:\/\/huisartsenspoedpostgorinchem.nl\/tr\/sikayet-veya-iltifat\/#breadcrumb","itemListElement":[{"@type":"ListItem","position":1,"name":"Home","item":"https:\/\/huisartsenspoedpostgorinchem.nl\/tr\/"},{"@type":"ListItem","position":2,"name":"Bak\u0131m\u0131m\u0131zdan memnun musunuz?"}]},{"@type":"WebSite","@id":"https:\/\/huisartsenspoedpostgorinchem.nl\/tr\/#website","url":"https:\/\/huisartsenspoedpostgorinchem.nl\/tr\/","name":"Huisartsenspoedpost Gorinchem - T\u00fcrk\u00e7e","description":"","potentialAction":[{"@type":"SearchAction","target":{"@type":"EntryPoint","urlTemplate":"https:\/\/huisartsenspoedpostgorinchem.nl\/tr\/?s={search_term_string}"},"query-input":{"@type":"PropertyValueSpecification","valueRequired":true,"valueName":"search_term_string"}}],"inLanguage":"tr"}]}},"_links":{"self":[{"href":"https:\/\/huisartsenspoedpostgorinchem.nl\/tr\/wp-json\/wp\/v2\/pages\/2502","targetHints":{"allow":["GET"]}}],"collection":[{"href":"https:\/\/huisartsenspoedpostgorinchem.nl\/tr\/wp-json\/wp\/v2\/pages"}],"about":[{"href":"https:\/\/huisartsenspoedpostgorinchem.nl\/tr\/wp-json\/wp\/v2\/types\/page"}],"author":[{"embeddable":true,"href":"https:\/\/huisartsenspoedpostgorinchem.nl\/tr\/wp-json\/wp\/v2\/users\/3"}],"replies":[{"embeddable":true,"href":"https:\/\/huisartsenspoedpostgorinchem.nl\/tr\/wp-json\/wp\/v2\/comments?post=2502"}],"version-history":[{"count":31,"href":"https:\/\/huisartsenspoedpostgorinchem.nl\/tr\/wp-json\/wp\/v2\/pages\/2502\/revisions"}],"predecessor-version":[{"id":4827,"href":"https:\/\/huisartsenspoedpostgorinchem.nl\/tr\/wp-json\/wp\/v2\/pages\/2502\/revisions\/4827"}],"wp:attachment":[{"href":"https:\/\/huisartsenspoedpostgorinchem.nl\/tr\/wp-json\/wp\/v2\/media?parent=2502"}],"curies":[{"name":"wp","href":"https:\/\/api.w.org\/{rel}","templated":true}]}}