{"id":2670,"date":"2023-04-14T20:51:02","date_gmt":"2023-04-14T18:51:02","guid":{"rendered":"https:\/\/huisartsenpostgorinchem.nl\/?page_id=2670"},"modified":"2024-04-30T11:52:50","modified_gmt":"2024-04-30T09:52:50","slug":"formularz-komplementu","status":"publish","type":"page","link":"https:\/\/huisartsenspoedpostgorinchem.nl\/pl\/formularz-skarga-lub-komplement\/formularz-komplementu\/","title":{"rendered":"Formularz komplementu"},"content":{"rendered":"\n\n<script>\nvar gform;gform||(document.addEventListener(\"gform_main_scripts_loaded\",function(){gform.scriptsLoaded=!0}),document.addEventListener(\"gform\/theme\/scripts_loaded\",function(){gform.themeScriptsLoaded=!0}),window.addEventListener(\"DOMContentLoaded\",function(){gform.domLoaded=!0}),gform={domLoaded:!1,scriptsLoaded:!1,themeScriptsLoaded:!1,isFormEditor:()=>\"function\"==typeof InitializeEditor,callIfLoaded:function(o){return!(!gform.domLoaded||!gform.scriptsLoaded||!gform.themeScriptsLoaded&&!gform.isFormEditor()||(gform.isFormEditor()&&console.warn(\"The use of gform.initializeOnLoaded() is deprecated in the form editor context and will be removed in Gravity Forms 3.1.\"),o(),0))},initializeOnLoaded:function(o){gform.callIfLoaded(o)||(document.addEventListener(\"gform_main_scripts_loaded\",()=>{gform.scriptsLoaded=!0,gform.callIfLoaded(o)}),document.addEventListener(\"gform\/theme\/scripts_loaded\",()=>{gform.themeScriptsLoaded=!0,gform.callIfLoaded(o)}),window.addEventListener(\"DOMContentLoaded\",()=>{gform.domLoaded=!0,gform.callIfLoaded(o)}))},hooks:{action:{},filter:{}},addAction:function(o,r,e,t){gform.addHook(\"action\",o,r,e,t)},addFilter:function(o,r,e,t){gform.addHook(\"filter\",o,r,e,t)},doAction:function(o){gform.doHook(\"action\",o,arguments)},applyFilters:function(o){return gform.doHook(\"filter\",o,arguments)},removeAction:function(o,r){gform.removeHook(\"action\",o,r)},removeFilter:function(o,r,e){gform.removeHook(\"filter\",o,r,e)},addHook:function(o,r,e,t,n){null==gform.hooks[o][r]&&(gform.hooks[o][r]=[]);var d=gform.hooks[o][r];null==n&&(n=r+\"_\"+d.length),gform.hooks[o][r].push({tag:n,callable:e,priority:t=null==t?10:t})},doHook:function(r,o,e){var t;if(e=Array.prototype.slice.call(e,1),null!=gform.hooks[r][o]&&((o=gform.hooks[r][o]).sort(function(o,r){return o.priority-r.priority}),o.forEach(function(o){\"function\"!=typeof(t=o.callable)&&(t=window[t]),\"action\"==r?t.apply(null,e):e[0]=t.apply(null,e)})),\"filter\"==r)return e[0]},removeHook:function(o,r,t,n){var e;null!=gform.hooks[o][r]&&(e=(e=gform.hooks[o][r]).filter(function(o,r,e){return!!(null!=n&&n!=o.tag||null!=t&&t!=o.priority)}),gform.hooks[o][r]=e)}});\n<\/script>\n\n                <div class='gf_browser_gecko gform_wrapper gravity-theme gform-theme--no-framework' data-form-theme='gravity-theme' data-form-index='0' id='gform_wrapper_2' >\n                        <div class='gform_heading'>\n                            <h2 class=\"gform_title\">Pochwa\u0142a lub wskaz\u00f3wka<\/h2>\n                            <p class='gform_description'><\/p>\n                        <\/div><form method='post' enctype='multipart\/form-data'  id='gform_2'  action='\/pl\/wp-json\/wp\/v2\/pages\/2670' data-formid='2' novalidate>\n                        <div class='gform-body gform_body'><div id='gform_fields_2' class='gform_fields top_label form_sublabel_below description_below validation_below'><div id=\"field_2_1\" class=\"gfield gfield--type-text gfield--input-type-text gfield_contains_required field_sublabel_below gfield--no-description field_description_below field_validation_below gfield_visibility_visible\"  ><label class='gfield_label gform-field-label' for='input_2_1'>Imi\u0119<span class=\"gfield_required\"><span class=\"gfield_required gfield_required_text\">(wymagane)<\/span><\/span><\/label><div class='ginput_container ginput_container_text'><input name='input_1' id='input_2_1' type='text' value='' class='large'     aria-required=\"true\" aria-invalid=\"false\"   \/><\/div><\/div><div id=\"field_2_3\" class=\"gfield gfield--type-email gfield--input-type-email gfield--width-full gfield_contains_required field_sublabel_below gfield--no-description field_description_below field_validation_below gfield_visibility_visible\"  ><label class='gfield_label gform-field-label' for='input_2_3'>Adres e-mail<span class=\"gfield_required\"><span class=\"gfield_required gfield_required_text\">(wymagane)<\/span><\/span><\/label><div class='ginput_container ginput_container_email'>\n                            <input name='input_3' id='input_2_3' type='email' value='' class='large'    aria-required=\"true\" aria-invalid=\"false\"  \/>\n                        <\/div><\/div><div id=\"field_2_4\" class=\"gfield gfield--type-phone gfield--input-type-phone gfield--width-full field_sublabel_below gfield--no-description field_description_below field_validation_below gfield_visibility_visible\"  ><label class='gfield_label gform-field-label' for='input_2_4'>Telefon<\/label><div class='ginput_container ginput_container_phone'><input name='input_4' id='input_2_4' type='tel' value='' class='large'    aria-invalid=\"false\"   \/><\/div><\/div><div id=\"field_2_5\" class=\"gfield gfield--type-textarea gfield--input-type-textarea gfield--width-full gfield_contains_required field_sublabel_below gfield--no-description field_description_below field_validation_below gfield_visibility_visible\"  ><label class='gfield_label gform-field-label' for='input_2_5'>Twoje pochwa\u0142y lub sugestie<span class=\"gfield_required\"><span class=\"gfield_required gfield_required_text\">(wymagane)<\/span><\/span><\/label><div class='ginput_container ginput_container_textarea'><textarea name='input_5' id='input_2_5' class='textarea large'     aria-required=\"true\" aria-invalid=\"false\"   rows='10' cols='50'><\/textarea><\/div><\/div><div id=\"field_2_6\" class=\"gfield gfield--type-captcha gfield--input-type-captcha field_sublabel_below gfield--no-description field_description_below field_validation_below gfield_visibility_visible\"  ><label class='gfield_label gform-field-label' for='input_2_6'>CAPTCHA<\/label><div id='input_2_6' class='ginput_container ginput_recaptcha' data-sitekey='6LdF7OEkAAAAAB_bQLYsQWhGj41-rhXFMWfqN4Hd'  data-theme='light' data-tabindex='0'  data-badge=''><\/div><\/div><\/div><\/div>\n        <div class='gform-footer gform_footer top_label'> <input type='submit' id='gform_submit_button_2' class='gform_button button' onclick='gform.submission.handleButtonClick(this);' data-submission-type='submit' value='Wys\u0142a\u0107'  \/> \n            <input type='hidden' class='gform_hidden' name='gform_submission_method' data-js='gform_submission_method_2' value='postback' \/>\n            <input type='hidden' class='gform_hidden' name='gform_theme' data-js='gform_theme_2' id='gform_theme_2' value='gravity-theme' \/>\n            <input type='hidden' class='gform_hidden' name='gform_style_settings' data-js='gform_style_settings_2' id='gform_style_settings_2' value='[]' \/>\n            <input type='hidden' class='gform_hidden' name='is_submit_2' value='1' \/>\n            <input type='hidden' class='gform_hidden' name='gform_submit' value='2' \/>\n            \n            <input type='hidden' class='gform_hidden' name='gform_unique_id' value='' \/>\n            <input type='hidden' class='gform_hidden' name='state_2' value='WyJbXSIsImJlYmM0NzQxNGFjMWJhMGI2MzU2OGIyMTgzM2FhOWJkIl0=' \/>\n            <input type='hidden' autocomplete='off' class='gform_hidden' name='gform_target_page_number_2' id='gform_target_page_number_2' value='0' \/>\n            <input type='hidden' autocomplete='off' class='gform_hidden' name='gform_source_page_number_2' id='gform_source_page_number_2' value='1' \/>\n            <input type='hidden' name='gform_field_values' value='' \/>\n            \n        <\/div>\n                        <\/form>\n                        <\/div><script>\ngform.initializeOnLoaded( function() {gformInitSpinner( 2, 'https:\/\/huisartsenspoedpostgorinchem.nl\/pl\/wp-content\/plugins\/gravityforms\/images\/spinner.svg', true );jQuery('#gform_ajax_frame_2').on('load',function(){var contents = jQuery(this).contents().find('*').html();var is_postback = contents.indexOf('GF_AJAX_POSTBACK') >= 0;if(!is_postback){return;}var form_content = jQuery(this).contents().find('#gform_wrapper_2');var is_confirmation = jQuery(this).contents().find('#gform_confirmation_wrapper_2').length > 0;var is_redirect = contents.indexOf('gformRedirect(){') >= 0;var is_form = form_content.length > 0 && ! is_redirect && ! is_confirmation;var mt = parseInt(jQuery('html').css('margin-top'), 10) + parseInt(jQuery('body').css('margin-top'), 10) + 100;if(is_form){jQuery('#gform_wrapper_2').html(form_content.html());if(form_content.hasClass('gform_validation_error')){jQuery('#gform_wrapper_2').addClass('gform_validation_error');} else {jQuery('#gform_wrapper_2').removeClass('gform_validation_error');}setTimeout( function() { \/* delay the scroll by 50 milliseconds to fix a bug in chrome *\/  }, 50 );if(window['gformInitDatepicker']) {gformInitDatepicker();}if(window['gformInitPriceFields']) {gformInitPriceFields();}var current_page = jQuery('#gform_source_page_number_2').val();gformInitSpinner( 2, 'https:\/\/huisartsenspoedpostgorinchem.nl\/pl\/wp-content\/plugins\/gravityforms\/images\/spinner.svg', true );jQuery(document).trigger('gform_page_loaded', [2, current_page]);window['gf_submitting_2'] = false;}else if(!is_redirect){var confirmation_content = jQuery(this).contents().find('.GF_AJAX_POSTBACK').html();if(!confirmation_content){confirmation_content = contents;}jQuery('#gform_wrapper_2').replaceWith(confirmation_content);jQuery(document).trigger('gform_confirmation_loaded', [2]);window['gf_submitting_2'] = false;wp.a11y.speak(jQuery('#gform_confirmation_message_2').text());}else{jQuery('#gform_2').append(contents);if(window['gformRedirect']) {gformRedirect();}}jQuery(document).trigger(\"gform_pre_post_render\", [{ formId: \"2\", currentPage: \"current_page\", abort: function() { this.preventDefault(); } }]);        if (event && event.defaultPrevented) {                return;        }        const gformWrapperDiv = document.getElementById( \"gform_wrapper_2\" );        if ( gformWrapperDiv ) {            const visibilitySpan = document.createElement( \"span\" );            visibilitySpan.id = \"gform_visibility_test_2\";            gformWrapperDiv.insertAdjacentElement( \"afterend\", visibilitySpan );        }        const visibilityTestDiv = document.getElementById( \"gform_visibility_test_2\" );        let postRenderFired = false;        function triggerPostRender() {            if ( postRenderFired ) {                return;            }            postRenderFired = true;            gform.core.triggerPostRenderEvents( 2, current_page );            if ( visibilityTestDiv ) {                visibilityTestDiv.parentNode.removeChild( visibilityTestDiv );            }        }        function debounce( func, wait, immediate ) {            var timeout;            return function() {                var context = this, args = arguments;                var later = function() {                    timeout = null;                    if ( !immediate ) func.apply( context, args );                };                var callNow = immediate && !timeout;                clearTimeout( timeout );                timeout = setTimeout( later, wait );                if ( callNow ) func.apply( context, args );            };        }        const debouncedTriggerPostRender = debounce( function() {            triggerPostRender();        }, 200 );        if ( visibilityTestDiv && visibilityTestDiv.offsetParent === null ) {            const observer = new MutationObserver( ( mutations ) => {                mutations.forEach( ( mutation ) => {                    if ( mutation.type === 'attributes' && visibilityTestDiv.offsetParent !== null ) {                        debouncedTriggerPostRender();                        observer.disconnect();                    }                });            });            observer.observe( document.body, {                attributes: true,                childList: false,                subtree: true,                attributeFilter: [ 'style', 'class' ],            });        } else {            triggerPostRender();        }    } );} );\n<\/script>\n","protected":false},"excerpt":{"rendered":"","protected":false},"author":3,"featured_media":0,"parent":2502,"menu_order":0,"comment_status":"closed","ping_status":"closed","template":"","meta":{"_acf_changed":false,"_trash_the_other_posts":false,"editor_notices":[],"footnotes":""},"class_list":["post-2670","page","type-page","status-publish","hentry"],"acf":[],"yoast_head":"<!-- This site is optimized with the Yoast SEO plugin v26.6 - https:\/\/yoast.com\/wordpress\/plugins\/seo\/ -->\n<title>Formularz komplementu - Huisartsenspoedpost Gorinchem - Polski<\/title>\n<meta name=\"description\" content=\"Czy chcia\u0142by\u015b skomplementowa\u0107 Gorinchem GP Post? A mo\u017ce masz wskaz\u00f3wk\u0119? Podziel si\u0119 nimi z nami za pomoc\u0105 tego formularza komplementu.\" \/>\n<meta name=\"robots\" content=\"index, follow, max-snippet:-1, max-image-preview:large, max-video-preview:-1\" \/>\n<link rel=\"canonical\" href=\"https:\/\/huisartsenspoedpostgorinchem.nl\/pl\/skarga-czy-komplement\/formularz-komplementu\/\" \/>\n<meta property=\"og:locale\" content=\"pl_PL\" \/>\n<meta property=\"og:type\" content=\"article\" \/>\n<meta property=\"og:title\" content=\"Formularz komplementu - Huisartsenspoedpost Gorinchem - Polski\" \/>\n<meta property=\"og:description\" content=\"Czy chcia\u0142by\u015b skomplementowa\u0107 Gorinchem GP Post? A mo\u017ce masz wskaz\u00f3wk\u0119? Podziel si\u0119 nimi z nami za pomoc\u0105 tego formularza komplementu.\" \/>\n<meta property=\"og:url\" content=\"https:\/\/huisartsenspoedpostgorinchem.nl\/pl\/skarga-czy-komplement\/formularz-komplementu\/\" \/>\n<meta property=\"og:site_name\" content=\"Huisartsenspoedpost Gorinchem - Polski\" \/>\n<meta property=\"article:modified_time\" content=\"2024-04-30T09:52:50+00:00\" \/>\n<meta name=\"twitter:card\" content=\"summary_large_image\" \/>\n<script type=\"application\/ld+json\" class=\"yoast-schema-graph\">{\"@context\":\"https:\/\/schema.org\",\"@graph\":[{\"@type\":\"WebPage\",\"@id\":\"https:\/\/huisartsenspoedpostgorinchem.nl\/pl\/skarga-czy-komplement\/formularz-komplementu\/\",\"url\":\"https:\/\/huisartsenspoedpostgorinchem.nl\/pl\/skarga-czy-komplement\/formularz-komplementu\/\",\"name\":\"Formularz komplementu - Huisartsenspoedpost Gorinchem - Polski\",\"isPartOf\":{\"@id\":\"https:\/\/huisartsenspoedpostgorinchem.nl\/pl\/#website\"},\"datePublished\":\"2023-04-14T18:51:02+00:00\",\"dateModified\":\"2024-04-30T09:52:50+00:00\",\"description\":\"Czy chcia\u0142by\u015b skomplementowa\u0107 Gorinchem GP Post? A mo\u017ce masz wskaz\u00f3wk\u0119? Podziel si\u0119 nimi z nami za pomoc\u0105 tego formularza komplementu.\",\"breadcrumb\":{\"@id\":\"https:\/\/huisartsenspoedpostgorinchem.nl\/pl\/skarga-czy-komplement\/formularz-komplementu\/#breadcrumb\"},\"inLanguage\":\"pl-PL\",\"potentialAction\":[{\"@type\":\"ReadAction\",\"target\":[\"https:\/\/huisartsenspoedpostgorinchem.nl\/pl\/skarga-czy-komplement\/formularz-komplementu\/\"]}]},{\"@type\":\"BreadcrumbList\",\"@id\":\"https:\/\/huisartsenspoedpostgorinchem.nl\/pl\/skarga-czy-komplement\/formularz-komplementu\/#breadcrumb\",\"itemListElement\":[{\"@type\":\"ListItem\",\"position\":1,\"name\":\"Home\",\"item\":\"https:\/\/huisartsenspoedpostgorinchem.nl\/pl\/\"},{\"@type\":\"ListItem\",\"position\":2,\"name\":\"Czy jeste\u015b zadowolony z naszej opieki?\",\"item\":\"https:\/\/huisartsenspoedpostgorinchem.nl\/pl\/skarga-czy-komplement\/\"},{\"@type\":\"ListItem\",\"position\":3,\"name\":\"Formularz komplementu\"}]},{\"@type\":\"WebSite\",\"@id\":\"https:\/\/huisartsenspoedpostgorinchem.nl\/pl\/#website\",\"url\":\"https:\/\/huisartsenspoedpostgorinchem.nl\/pl\/\",\"name\":\"Huisartsenspoedpost Gorinchem - Polski\",\"description\":\"\",\"potentialAction\":[{\"@type\":\"SearchAction\",\"target\":{\"@type\":\"EntryPoint\",\"urlTemplate\":\"https:\/\/huisartsenspoedpostgorinchem.nl\/pl\/?s={search_term_string}\"},\"query-input\":{\"@type\":\"PropertyValueSpecification\",\"valueRequired\":true,\"valueName\":\"search_term_string\"}}],\"inLanguage\":\"pl-PL\"}]}<\/script>\n<!-- \/ Yoast SEO plugin. -->","yoast_head_json":{"title":"Formularz komplementu - Huisartsenspoedpost Gorinchem - Polski","description":"Czy chcia\u0142by\u015b skomplementowa\u0107 Gorinchem GP Post? A mo\u017ce masz wskaz\u00f3wk\u0119? Podziel si\u0119 nimi z nami za pomoc\u0105 tego formularza komplementu.","robots":{"index":"index","follow":"follow","max-snippet":"max-snippet:-1","max-image-preview":"max-image-preview:large","max-video-preview":"max-video-preview:-1"},"canonical":"https:\/\/huisartsenspoedpostgorinchem.nl\/pl\/skarga-czy-komplement\/formularz-komplementu\/","og_locale":"pl_PL","og_type":"article","og_title":"Formularz komplementu - Huisartsenspoedpost Gorinchem - Polski","og_description":"Czy chcia\u0142by\u015b skomplementowa\u0107 Gorinchem GP Post? A mo\u017ce masz wskaz\u00f3wk\u0119? Podziel si\u0119 nimi z nami za pomoc\u0105 tego formularza komplementu.","og_url":"https:\/\/huisartsenspoedpostgorinchem.nl\/pl\/skarga-czy-komplement\/formularz-komplementu\/","og_site_name":"Huisartsenspoedpost Gorinchem - Polski","article_modified_time":"2024-04-30T09:52:50+00:00","twitter_card":"summary_large_image","schema":{"@context":"https:\/\/schema.org","@graph":[{"@type":"WebPage","@id":"https:\/\/huisartsenspoedpostgorinchem.nl\/pl\/skarga-czy-komplement\/formularz-komplementu\/","url":"https:\/\/huisartsenspoedpostgorinchem.nl\/pl\/skarga-czy-komplement\/formularz-komplementu\/","name":"Formularz komplementu - Huisartsenspoedpost Gorinchem - Polski","isPartOf":{"@id":"https:\/\/huisartsenspoedpostgorinchem.nl\/pl\/#website"},"datePublished":"2023-04-14T18:51:02+00:00","dateModified":"2024-04-30T09:52:50+00:00","description":"Czy chcia\u0142by\u015b skomplementowa\u0107 Gorinchem GP Post? A mo\u017ce masz wskaz\u00f3wk\u0119? Podziel si\u0119 nimi z nami za pomoc\u0105 tego formularza komplementu.","breadcrumb":{"@id":"https:\/\/huisartsenspoedpostgorinchem.nl\/pl\/skarga-czy-komplement\/formularz-komplementu\/#breadcrumb"},"inLanguage":"pl-PL","potentialAction":[{"@type":"ReadAction","target":["https:\/\/huisartsenspoedpostgorinchem.nl\/pl\/skarga-czy-komplement\/formularz-komplementu\/"]}]},{"@type":"BreadcrumbList","@id":"https:\/\/huisartsenspoedpostgorinchem.nl\/pl\/skarga-czy-komplement\/formularz-komplementu\/#breadcrumb","itemListElement":[{"@type":"ListItem","position":1,"name":"Home","item":"https:\/\/huisartsenspoedpostgorinchem.nl\/pl\/"},{"@type":"ListItem","position":2,"name":"Czy jeste\u015b zadowolony z naszej opieki?","item":"https:\/\/huisartsenspoedpostgorinchem.nl\/pl\/skarga-czy-komplement\/"},{"@type":"ListItem","position":3,"name":"Formularz komplementu"}]},{"@type":"WebSite","@id":"https:\/\/huisartsenspoedpostgorinchem.nl\/pl\/#website","url":"https:\/\/huisartsenspoedpostgorinchem.nl\/pl\/","name":"Huisartsenspoedpost Gorinchem - Polski","description":"","potentialAction":[{"@type":"SearchAction","target":{"@type":"EntryPoint","urlTemplate":"https:\/\/huisartsenspoedpostgorinchem.nl\/pl\/?s={search_term_string}"},"query-input":{"@type":"PropertyValueSpecification","valueRequired":true,"valueName":"search_term_string"}}],"inLanguage":"pl-PL"}]}},"_links":{"self":[{"href":"https:\/\/huisartsenspoedpostgorinchem.nl\/pl\/wp-json\/wp\/v2\/pages\/2670","targetHints":{"allow":["GET"]}}],"collection":[{"href":"https:\/\/huisartsenspoedpostgorinchem.nl\/pl\/wp-json\/wp\/v2\/pages"}],"about":[{"href":"https:\/\/huisartsenspoedpostgorinchem.nl\/pl\/wp-json\/wp\/v2\/types\/page"}],"author":[{"embeddable":true,"href":"https:\/\/huisartsenspoedpostgorinchem.nl\/pl\/wp-json\/wp\/v2\/users\/3"}],"replies":[{"embeddable":true,"href":"https:\/\/huisartsenspoedpostgorinchem.nl\/pl\/wp-json\/wp\/v2\/comments?post=2670"}],"version-history":[{"count":1,"href":"https:\/\/huisartsenspoedpostgorinchem.nl\/pl\/wp-json\/wp\/v2\/pages\/2670\/revisions"}],"predecessor-version":[{"id":4311,"href":"https:\/\/huisartsenspoedpostgorinchem.nl\/pl\/wp-json\/wp\/v2\/pages\/2670\/revisions\/4311"}],"up":[{"embeddable":true,"href":"https:\/\/huisartsenspoedpostgorinchem.nl\/pl\/wp-json\/wp\/v2\/pages\/2502"}],"wp:attachment":[{"href":"https:\/\/huisartsenspoedpostgorinchem.nl\/pl\/wp-json\/wp\/v2\/media?parent=2670"}],"curies":[{"name":"wp","href":"https:\/\/api.w.org\/{rel}","templated":true}]}}