{"id":2524,"date":"2023-02-15T15:00:27","date_gmt":"2023-02-15T14:00:27","guid":{"rendered":"https:\/\/huisartsenpostgorinchem.nl\/?page_id=2524"},"modified":"2025-02-26T12:10:16","modified_gmt":"2025-02-26T11:10:16","slug":"jak-dziala-stacja-medyczna-lekarza-rodzinnego","status":"publish","type":"page","link":"https:\/\/huisartsenspoedpostgorinchem.nl\/pl\/jak-dziala-stacja-medyczna-lekarza-rodzinnego\/","title":{"rendered":"Jak dzia\u0142a stacja medyczna lekarza rodzinnego?"},"content":{"rendered":"\n<h3 class=\"wp-block-heading\">Tylko w nag\u0142ych wypadkach<\/h3>\n\n\n\n<p>Stacja Medyczna Lekarza Rodzinnego jest dost\u0119pna tylko w przypadku ostrych dolegliwo\u015bci zdrowotnych poza godzinami pracy. Jeste\u015bmy otwarci wieczorem i w nocy (17.00-8.00), w weekendy i \u015bwi\u0119ta (24 godziny). Dzwonisz do stacji medycznej w nag\u0142ych przypadkach dolegliwo\u015bci zdrowotnych, kt\u00f3re naprawd\u0119 nie mog\u0105 czeka\u0107, a\u017c Twoja w\u0142asna przychodnia lekarska b\u0119dzie ponownie otwarta.<br>Czy Twoja skarga nie jest pilna? Nast\u0119pnie mo\u017cesz uda\u0107 si\u0119 do swojego lekarza rodzinnego nast\u0119pnego dnia roboczego. <br>Nie masz pewno\u015bci, czy Twoja skarga jest pilna? Przejd\u017a do <a href=\"https:\/\/huisartsenspoedpostgorinchem.nl\/\" target=\"_blank\" rel=\"noreferrer noopener\">strony g\u0142\u00f3wnej<\/a> i wype\u0142nij pytania. W ten spos\u00f3b w ci\u0105gu 1 minuty mo\u017cesz okre\u015bli\u0107, czy musisz uda\u0107 si\u0119 do lekarza. Na <a href=\"https:\/\/www.thuisarts.nl\/\" target=\"_blank\" rel=\"noreferrer noopener\">stronie www.thuisarts.nl<\/a> mo\u017cna r\u00f3wnie\u017c znale\u017a\u0107 wiarygodne informacje na temat choroby i zdrowia. Czy po tym nadal si\u0119 wahasz? Nast\u0119pnie zadzwo\u0144 do Stacji Ratunkowej Gorinchem GP w celu konsultacji. Nasz numer telefonu to 0183 &#8211; 64 64 10.<br><\/p>\n\n\n\n<figure class=\"wp-block-image size-full is-resized\"><img decoding=\"async\" src=\"https:\/\/huisartsenspoedpostgorinchem.nl\/wp-content\/uploads\/sites\/151\/2023\/02\/auto_ingang_huisartsenpost-e1675418100868.png\" alt=\"Ingang huisartsenspoedpost\" class=\"wp-image-4981\" style=\"width:300px\" \/><\/figure>\n\n\n\n<h3 class=\"wp-block-heading\"><br>Zadzwo\u0144 z wyprzedzeniem<\/h3>\n\n\n\n<p>Na naszej stronie internetowej znajduje si\u0119 <a href=\"https:\/\/huisartsenspoedpostgorinchem.nl\/\">kr\u00f3tka ankieta<\/a>. Wype\u0142nij go najpierw. Wtedy od razu otrzymasz porad\u0119, czy powiniene\u015b skontaktowa\u0107 si\u0119 ze stacj\u0105 medyczn\u0105. Nie mo\u017cesz po prostu wej\u015b\u0107 do Stacji Ratunkowej Lekarza Pierwszego Kontaktu w Gorinchem. Zawsze musisz najpierw zadzwoni\u0107. Wtedy najszybciej otrzymasz pomoc, kt\u00f3rej potrzebujesz.<br> <br>Je\u015bli zadzwonisz pod numer posterunku Gorinchem GP, us\u0142yszysz kr\u00f3tkie menu. W sytuacji potencjalnie zagra\u017caj\u0105cej \u017cyciu wybierz 1. Pomo\u017cemy Ci w pierwszej kolejno\u015bci. <br>Czy objawy nasilaj\u0105 si\u0119 lub zmieniaj\u0105? Nast\u0119pnie ponownie skontaktuj si\u0119 ze stacj\u0105 medyczn\u0105 lekarza rodzinnego.<br><\/p>\n\n\n\n<h3 class=\"wp-block-heading\"><br>Miej szczeg\u00f3\u0142y pod r\u0119k\u0105, gdy dzwonisz<\/h3>\n\n\n\n<p>Czy dzwonisz do Stacji Ratunkowej Lekarzy Rodzinnych Gorinchem? Nast\u0119pnie upewnij si\u0119, \u017ce masz pod r\u0119k\u0105 nast\u0119puj\u0105ce informacje:<\/p>\n\n\n\n<ul class=\"wp-block-list\">\n<li>Tw\u00f3j numer BSN (numer obs\u0142ugi obywatela). Jest to zapisane w dokumencie to\u017csamo\u015bci (paszporcie, dowodzie osobistym lub prawie jazdy) i sk\u0142ada si\u0119 z 9 cyfr.<\/li>\n\n\n\n<li>Imi\u0119 i nazwisko lekarza prowadz\u0105cego.<\/li>\n\n\n\n<li>Za\u017cywanie lek\u00f3w.<br><br><\/li>\n<\/ul>\n\n\n\n<h3 class=\"wp-block-heading\">Dzwonisz po kogo\u015b innego?<\/h3>\n\n\n\n<p>Czy nie wo\u0142asz o siebie? Nast\u0119pnie podaj wszystkie dane osoby, do kt\u00f3rej dzwonisz. Upewnij si\u0119 r\u00f3wnie\u017c, \u017ce jeste\u015b blisko pacjenta, gdy dzwonisz. Nast\u0119pnie mo\u017cesz jak najlepiej opisa\u0107 objawy. Zdarza si\u0119 r\u00f3wnie\u017c, \u017ce piel\u0119gniarka przeprowadzaj\u0105ca tria\u017c chce sama zada\u0107 pacjentowi kilka pyta\u0144.<br><br><\/p>\n\n\n\n<h3 class=\"wp-block-heading\">Czego mo\u017cesz si\u0119 spodziewa\u0107?<\/h3>\n\n\n\n<p>Je\u015bli zadzwonisz do Stacji Ratunkowej Lekarza Pierwszego Kontaktu w Gorinchem, otrzymasz piel\u0119gniark\u0119 zajmuj\u0105c\u0105 si\u0119 tria\u017cem przez telefon. Jest to pracownik, kt\u00f3ry jest specjalnie przeszkolony, aby szybko okre\u015bli\u0107, jak powa\u017cne s\u0105 Twoje objawy i co jest potrzebne. Odbywa si\u0119 to zawsze w porozumieniu z lekarzem pierwszego kontaktu dy\u017curuj\u0105cym w punkcie medycznym. Istniej\u0105 trzy mo\u017cliwo\u015bci:<\/p>\n\n\n\n<ul class=\"wp-block-list\">\n<li>Porad\u0119 otrzymasz telefonicznie. Piel\u0119gniarka tria\u017cowa wyja\u015bni przez telefon porady dotycz\u0105ce samoopieki. Zosta\u0142o to sprawdzone przez lekarza pierwszego kontaktu.<\/li>\n\n\n\n<li>Piel\u0119gniarka dokonuj\u0105ca tria\u017cu umawia si\u0119 na wizyt\u0119 w Stacji Ratunkowej Lekarzy Rodzinnych Gorinchem. Tam zbada Ci\u0119 lekarz pierwszego kontaktu lub piel\u0119gniarka.<\/li>\n\n\n\n<li>Lekarz rodzinny odwiedzi Ci\u0119 w domu. Wizyta domowa ma miejsce tylko wtedy, gdy nie mo\u017cesz samodzielnie przyby\u0107 do punktu przyj\u0119\u0107 lekarza rodzinnego z przyczyn medycznych.<\/li>\n<\/ul>\n\n\n\n<p>\n","protected":false},"excerpt":{"rendered":"<p>Lekarz rodzinny poza godzinami pracy jest dost\u0119pny tylko w przypadku skarg, kt\u00f3re s\u0105 pilne wieczorem, w nocy, w weekendy i \u015bwi\u0119ta. Twoja skarga nie jest pilna? Nast\u0119pnie mo\u017cesz odwiedzi\u0107 swojego lekarza rodzinnego nast\u0119pnego dnia roboczego. Nie masz pewno\u015bci, czy Twoja skarga jest pilna? Przejd\u017a do strony g\u0142\u00f3wnej i wype\u0142nij pytania. W ten spos\u00f3b w ci\u0105gu 1 minuty mo\u017cesz okre\u015bli\u0107, czy musisz i\u015b\u0107 do lekarza. Na www.thuisarts.nl mo\u017cna r\u00f3wnie\u017c znale\u017a\u0107 wiarygodne informacje o chorobie i zdrowiu. Czy po tym nadal si\u0119 wahasz? Nast\u0119pnie zadzwo\u0144 do Gorinchem GP Post w celu konsultacji. Najpierw zadzwo\u0144 Na naszej stronie znajdziesz kr\u00f3tki [&#8230;]<\/p>\n","protected":false},"author":29,"featured_media":0,"parent":0,"menu_order":0,"comment_status":"closed","ping_status":"closed","template":"","meta":{"_acf_changed":false,"_trash_the_other_posts":false,"editor_notices":[],"footnotes":""},"class_list":["post-2524","page","type-page","status-publish","hentry"],"acf":[],"yoast_head":"<!-- This site is optimized with the Yoast SEO plugin v26.6 - https:\/\/yoast.com\/wordpress\/plugins\/seo\/ -->\n<title>Jak dzia\u0142a stacja medyczna lekarza rodzinnego? - Huisartsenspoedpost Gorinchem - Polski<\/title>\n<meta name=\"description\" content=\"Us\u0142uga lekarza rodzinnego poza godzinami pracy jest przeznaczona tylko w nag\u0142ych wypadkach poza godzinami pracy. Zawsze musisz najpierw zadzwoni\u0107 i nie mo\u017cesz tak po prostu wpa\u015b\u0107.\" \/>\n<meta name=\"robots\" content=\"index, follow, max-snippet:-1, max-image-preview:large, max-video-preview:-1\" \/>\n<link rel=\"canonical\" href=\"https:\/\/huisartsenspoedpostgorinchem.nl\/pl\/jak-pracowac-poza-godzinami-pracy-z-lekarzem-rodzinnym\/\" \/>\n<meta property=\"og:locale\" content=\"pl_PL\" \/>\n<meta property=\"og:type\" content=\"article\" \/>\n<meta property=\"og:title\" content=\"Jak dzia\u0142a stacja medyczna lekarza rodzinnego? - Huisartsenspoedpost Gorinchem - Polski\" \/>\n<meta property=\"og:description\" content=\"Us\u0142uga lekarza rodzinnego poza godzinami pracy jest przeznaczona tylko w nag\u0142ych wypadkach poza godzinami pracy. Zawsze musisz najpierw zadzwoni\u0107 i nie mo\u017cesz tak po prostu wpa\u015b\u0107.\" \/>\n<meta property=\"og:url\" content=\"https:\/\/huisartsenspoedpostgorinchem.nl\/pl\/jak-pracowac-poza-godzinami-pracy-z-lekarzem-rodzinnym\/\" \/>\n<meta property=\"og:site_name\" content=\"Huisartsenspoedpost Gorinchem - Polski\" \/>\n<meta property=\"article:modified_time\" content=\"2025-02-26T11:10:16+00:00\" \/>\n<meta name=\"twitter:card\" content=\"summary_large_image\" \/>\n<meta name=\"twitter:label1\" content=\"Szacowany czas czytania\" \/>\n\t<meta name=\"twitter:data1\" content=\"3 minuty\" \/>\n<script type=\"application\/ld+json\" class=\"yoast-schema-graph\">{\"@context\":\"https:\/\/schema.org\",\"@graph\":[{\"@type\":\"WebPage\",\"@id\":\"https:\/\/huisartsenspoedpostgorinchem.nl\/pl\/jak-pracowac-poza-godzinami-pracy-z-lekarzem-rodzinnym\/\",\"url\":\"https:\/\/huisartsenspoedpostgorinchem.nl\/pl\/jak-pracowac-poza-godzinami-pracy-z-lekarzem-rodzinnym\/\",\"name\":\"Jak dzia\u0142a stacja medyczna lekarza rodzinnego? - Huisartsenspoedpost Gorinchem - Polski\",\"isPartOf\":{\"@id\":\"https:\/\/huisartsenspoedpostgorinchem.nl\/pl\/#website\"},\"primaryImageOfPage\":{\"@id\":\"https:\/\/huisartsenspoedpostgorinchem.nl\/pl\/jak-pracowac-poza-godzinami-pracy-z-lekarzem-rodzinnym\/#primaryimage\"},\"image\":{\"@id\":\"https:\/\/huisartsenspoedpostgorinchem.nl\/pl\/jak-pracowac-poza-godzinami-pracy-z-lekarzem-rodzinnym\/#primaryimage\"},\"thumbnailUrl\":\"https:\/\/huisartsenspoedpostgorinchem.nl\/wp-content\/uploads\/sites\/151\/2023\/02\/auto_ingang_huisartsenpost-e1675418100868.png\",\"datePublished\":\"2023-02-15T14:00:27+00:00\",\"dateModified\":\"2025-02-26T11:10:16+00:00\",\"description\":\"Us\u0142uga lekarza rodzinnego poza godzinami pracy jest przeznaczona tylko w nag\u0142ych wypadkach poza godzinami pracy. Zawsze musisz najpierw zadzwoni\u0107 i nie mo\u017cesz tak po prostu wpa\u015b\u0107.\",\"breadcrumb\":{\"@id\":\"https:\/\/huisartsenspoedpostgorinchem.nl\/pl\/jak-pracowac-poza-godzinami-pracy-z-lekarzem-rodzinnym\/#breadcrumb\"},\"inLanguage\":\"pl-PL\",\"potentialAction\":[{\"@type\":\"ReadAction\",\"target\":[\"https:\/\/huisartsenspoedpostgorinchem.nl\/pl\/jak-pracowac-poza-godzinami-pracy-z-lekarzem-rodzinnym\/\"]}]},{\"@type\":\"ImageObject\",\"inLanguage\":\"pl-PL\",\"@id\":\"https:\/\/huisartsenspoedpostgorinchem.nl\/pl\/jak-pracowac-poza-godzinami-pracy-z-lekarzem-rodzinnym\/#primaryimage\",\"url\":\"https:\/\/huisartsenspoedpostgorinchem.nl\/wp-content\/uploads\/sites\/151\/2023\/02\/auto_ingang_huisartsenpost-e1675418100868.png\",\"contentUrl\":\"https:\/\/huisartsenspoedpostgorinchem.nl\/wp-content\/uploads\/sites\/151\/2023\/02\/auto_ingang_huisartsenpost-e1675418100868.png\"},{\"@type\":\"BreadcrumbList\",\"@id\":\"https:\/\/huisartsenspoedpostgorinchem.nl\/pl\/jak-pracowac-poza-godzinami-pracy-z-lekarzem-rodzinnym\/#breadcrumb\",\"itemListElement\":[{\"@type\":\"ListItem\",\"position\":1,\"name\":\"Home\",\"item\":\"https:\/\/huisartsenspoedpostgorinchem.nl\/pl\/\"},{\"@type\":\"ListItem\",\"position\":2,\"name\":\"Jak dzia\u0142a us\u0142uga lekarza rodzinnego poza godzinami pracy?\"}]},{\"@type\":\"WebSite\",\"@id\":\"https:\/\/huisartsenspoedpostgorinchem.nl\/pl\/#website\",\"url\":\"https:\/\/huisartsenspoedpostgorinchem.nl\/pl\/\",\"name\":\"Huisartsenspoedpost Gorinchem - Polski\",\"description\":\"\",\"potentialAction\":[{\"@type\":\"SearchAction\",\"target\":{\"@type\":\"EntryPoint\",\"urlTemplate\":\"https:\/\/huisartsenspoedpostgorinchem.nl\/pl\/?s={search_term_string}\"},\"query-input\":{\"@type\":\"PropertyValueSpecification\",\"valueRequired\":true,\"valueName\":\"search_term_string\"}}],\"inLanguage\":\"pl-PL\"}]}<\/script>\n<!-- \/ Yoast SEO plugin. -->","yoast_head_json":{"title":"Jak dzia\u0142a stacja medyczna lekarza rodzinnego? - Huisartsenspoedpost Gorinchem - Polski","description":"Us\u0142uga lekarza rodzinnego poza godzinami pracy jest przeznaczona tylko w nag\u0142ych wypadkach poza godzinami pracy. Zawsze musisz najpierw zadzwoni\u0107 i nie mo\u017cesz tak po prostu wpa\u015b\u0107.","robots":{"index":"index","follow":"follow","max-snippet":"max-snippet:-1","max-image-preview":"max-image-preview:large","max-video-preview":"max-video-preview:-1"},"canonical":"https:\/\/huisartsenspoedpostgorinchem.nl\/pl\/jak-pracowac-poza-godzinami-pracy-z-lekarzem-rodzinnym\/","og_locale":"pl_PL","og_type":"article","og_title":"Jak dzia\u0142a stacja medyczna lekarza rodzinnego? - Huisartsenspoedpost Gorinchem - Polski","og_description":"Us\u0142uga lekarza rodzinnego poza godzinami pracy jest przeznaczona tylko w nag\u0142ych wypadkach poza godzinami pracy. Zawsze musisz najpierw zadzwoni\u0107 i nie mo\u017cesz tak po prostu wpa\u015b\u0107.","og_url":"https:\/\/huisartsenspoedpostgorinchem.nl\/pl\/jak-pracowac-poza-godzinami-pracy-z-lekarzem-rodzinnym\/","og_site_name":"Huisartsenspoedpost Gorinchem - Polski","article_modified_time":"2025-02-26T11:10:16+00:00","twitter_card":"summary_large_image","twitter_misc":{"Szacowany czas czytania":"3 minuty"},"schema":{"@context":"https:\/\/schema.org","@graph":[{"@type":"WebPage","@id":"https:\/\/huisartsenspoedpostgorinchem.nl\/pl\/jak-pracowac-poza-godzinami-pracy-z-lekarzem-rodzinnym\/","url":"https:\/\/huisartsenspoedpostgorinchem.nl\/pl\/jak-pracowac-poza-godzinami-pracy-z-lekarzem-rodzinnym\/","name":"Jak dzia\u0142a stacja medyczna lekarza rodzinnego? - Huisartsenspoedpost Gorinchem - Polski","isPartOf":{"@id":"https:\/\/huisartsenspoedpostgorinchem.nl\/pl\/#website"},"primaryImageOfPage":{"@id":"https:\/\/huisartsenspoedpostgorinchem.nl\/pl\/jak-pracowac-poza-godzinami-pracy-z-lekarzem-rodzinnym\/#primaryimage"},"image":{"@id":"https:\/\/huisartsenspoedpostgorinchem.nl\/pl\/jak-pracowac-poza-godzinami-pracy-z-lekarzem-rodzinnym\/#primaryimage"},"thumbnailUrl":"https:\/\/huisartsenspoedpostgorinchem.nl\/wp-content\/uploads\/sites\/151\/2023\/02\/auto_ingang_huisartsenpost-e1675418100868.png","datePublished":"2023-02-15T14:00:27+00:00","dateModified":"2025-02-26T11:10:16+00:00","description":"Us\u0142uga lekarza rodzinnego poza godzinami pracy jest przeznaczona tylko w nag\u0142ych wypadkach poza godzinami pracy. Zawsze musisz najpierw zadzwoni\u0107 i nie mo\u017cesz tak po prostu wpa\u015b\u0107.","breadcrumb":{"@id":"https:\/\/huisartsenspoedpostgorinchem.nl\/pl\/jak-pracowac-poza-godzinami-pracy-z-lekarzem-rodzinnym\/#breadcrumb"},"inLanguage":"pl-PL","potentialAction":[{"@type":"ReadAction","target":["https:\/\/huisartsenspoedpostgorinchem.nl\/pl\/jak-pracowac-poza-godzinami-pracy-z-lekarzem-rodzinnym\/"]}]},{"@type":"ImageObject","inLanguage":"pl-PL","@id":"https:\/\/huisartsenspoedpostgorinchem.nl\/pl\/jak-pracowac-poza-godzinami-pracy-z-lekarzem-rodzinnym\/#primaryimage","url":"https:\/\/huisartsenspoedpostgorinchem.nl\/wp-content\/uploads\/sites\/151\/2023\/02\/auto_ingang_huisartsenpost-e1675418100868.png","contentUrl":"https:\/\/huisartsenspoedpostgorinchem.nl\/wp-content\/uploads\/sites\/151\/2023\/02\/auto_ingang_huisartsenpost-e1675418100868.png"},{"@type":"BreadcrumbList","@id":"https:\/\/huisartsenspoedpostgorinchem.nl\/pl\/jak-pracowac-poza-godzinami-pracy-z-lekarzem-rodzinnym\/#breadcrumb","itemListElement":[{"@type":"ListItem","position":1,"name":"Home","item":"https:\/\/huisartsenspoedpostgorinchem.nl\/pl\/"},{"@type":"ListItem","position":2,"name":"Jak dzia\u0142a us\u0142uga lekarza rodzinnego poza godzinami pracy?"}]},{"@type":"WebSite","@id":"https:\/\/huisartsenspoedpostgorinchem.nl\/pl\/#website","url":"https:\/\/huisartsenspoedpostgorinchem.nl\/pl\/","name":"Huisartsenspoedpost Gorinchem - Polski","description":"","potentialAction":[{"@type":"SearchAction","target":{"@type":"EntryPoint","urlTemplate":"https:\/\/huisartsenspoedpostgorinchem.nl\/pl\/?s={search_term_string}"},"query-input":{"@type":"PropertyValueSpecification","valueRequired":true,"valueName":"search_term_string"}}],"inLanguage":"pl-PL"}]}},"_links":{"self":[{"href":"https:\/\/huisartsenspoedpostgorinchem.nl\/pl\/wp-json\/wp\/v2\/pages\/2524","targetHints":{"allow":["GET"]}}],"collection":[{"href":"https:\/\/huisartsenspoedpostgorinchem.nl\/pl\/wp-json\/wp\/v2\/pages"}],"about":[{"href":"https:\/\/huisartsenspoedpostgorinchem.nl\/pl\/wp-json\/wp\/v2\/types\/page"}],"author":[{"embeddable":true,"href":"https:\/\/huisartsenspoedpostgorinchem.nl\/pl\/wp-json\/wp\/v2\/users\/29"}],"replies":[{"embeddable":true,"href":"https:\/\/huisartsenspoedpostgorinchem.nl\/pl\/wp-json\/wp\/v2\/comments?post=2524"}],"version-history":[{"count":7,"href":"https:\/\/huisartsenspoedpostgorinchem.nl\/pl\/wp-json\/wp\/v2\/pages\/2524\/revisions"}],"predecessor-version":[{"id":4770,"href":"https:\/\/huisartsenspoedpostgorinchem.nl\/pl\/wp-json\/wp\/v2\/pages\/2524\/revisions\/4770"}],"wp:attachment":[{"href":"https:\/\/huisartsenspoedpostgorinchem.nl\/pl\/wp-json\/wp\/v2\/media?parent=2524"}],"curies":[{"name":"wp","href":"https:\/\/api.w.org\/{rel}","templated":true}]}}