{"id":1870,"date":"2023-01-10T13:22:47","date_gmt":"2023-01-10T12:22:47","guid":{"rendered":"https:\/\/huisartsenpostgorinchem.nl\/?page_id=1870"},"modified":"2025-02-26T15:33:57","modified_gmt":"2025-02-26T14:33:57","slug":"obszar-roboczy-stacja-pogotowia-gp-gorinchem","status":"publish","type":"page","link":"https:\/\/huisartsenspoedpostgorinchem.nl\/pl\/obszar-roboczy-stacja-pogotowia-gp-gorinchem\/","title":{"rendered":"Obszar roboczy Stacji Medycznej Lekarza Rodzinnego"},"content":{"rendered":"\n<h3 class=\"wp-block-heading\">Stowarzyszone praktyki lekarzy rodzinnych<\/h3>\n\n\n\n<p>70 lekarzy rodzinnych w regionie wok\u00f3\u0142 Gorinchem jest zrzeszonych w Stacji Ratunkowej Lekarzy Rodzinnych Gorinchem. Z 43 przychodni lekarskich zapewniaj\u0105 opiek\u0119 ponad 166 000 mieszka\u0144c\u00f3w w sze\u015bciu gminach. <br><a href=\"https:\/\/huisartsenspoedpostgorinchem.nl\/praktijken\/\">Kliknij tutaj, aby zapozna\u0107 si\u0119 z przegl\u0105dem stowarzyszonych praktyk lekarzy rodzinnych<\/a>.<br><br>Pacjenci z Gorinchem, West Betuwe, Altena, Hardinxveld-Giessendam, Molenlanden i Vijfheerenlanden mog\u0105 przebywa\u0107 blisko domu 24 godziny na dob\u0119, 7 dni w tygodniu, aby zapewni\u0107 wysokiej jako\u015bci opiek\u0119 lekarza rodzinnego. Wieczorem i w nocy, w weekendy i \u015bwi\u0119ta, Stacja Ratunkowy Lekarza Rodzinnego Gorinchem jest otwarta dla pacjent\u00f3w z nag\u0142ymi dolegliwo\u015bciami zdrowotnymi.<\/p>\n\n\n\n<figure class=\"wp-block-image size-large is-resized\"><img decoding=\"async\" src=\"https:\/\/huisartsenspoedpostgorinchem.nl\/wp-content\/uploads\/sites\/151\/2025\/02\/werkgebied_huisartsenspoedpost_gorinchem-1024x664.png\" alt=\"werkgebied huisartsenspoedpost gorinchem\" class=\"wp-image-5144\" style=\"width:500px\" \/><\/figure>\n\n\n\n<p>\n\n\n\n<h3 class=\"wp-block-heading\">Obszar roboczy Stacji Ratunkowej GP Gorinchem<\/h3>\n\n\n\n<h4 class=\"wp-block-heading\">gmina Altena<\/h4>\n\n\n\n<p>Almerk | Andel | Dussen | Giessen | Motek | Nieuwendijk | Oudendijk | Rijswijk | Sleeuwijk | Uitwijk | Uppel | Domy goszcz\u0105ce | Werkendam | Woudrichem powiedzia\u0142:<\/p>\n\n\n\n<h4 class=\"wp-block-heading\">gmina Gorinchem<\/h4>\n\n\n\n<p>\n\n\n\n<h4 class=\"wp-block-heading\">gmina Hardinxveld-Giessendam<\/h4>\n\n\n\n<p>Hardinxveld-Giessendam | G\u00f3rny Hardinxveld<\/p>\n\n\n\n<h4 class=\"wp-block-heading\">gmina Molenlanden<\/h4>\n\n\n\n<p>Arkel | Giessenburg | Giessen-Oudekerk | Goudriaan | Groot-Ammers | Kraj Wysokiego Bloku | Szersze\u0144 | Langerak | Nieuwpoort | Noordeloos | Ottoland | Schelluinen powiedzia\u0142:<\/p>\n\n\n\n<h4 class=\"wp-block-heading\">gmina Vijfheerenlanden<\/h4>\n\n\n\n<p>Ameide | Kedichem | Sk\u00f3rzane spodnie | Leerdam | Suryk | Nieuwland | Oosterwijk | Szkuner | Tienhoven<\/p>\n\n\n\n<h4 class=\"wp-block-heading\">gmina West Betuwe<\/h4>\n\n\n\n<p>Asperen | Herwijnen | Heukelum | Spijk | Strzela\u0107<\/p>\n\n\n\n<p><br><\/p>\n\n\n\n<h3 class=\"wp-block-heading\">Mieszkasz w s\u0105siedniej gminie?<\/h3>\n\n\n\n<p>Mieszkasz w innej gminie, ale Tw\u00f3j w\u0142asny lekarz rodzinny znajduje si\u0119 w obszarze roboczym Stacji Ratunkowej Lekarzy Rodzinnych Gorinchem? Wtedy mo\u017cesz r\u00f3wnie\u017c skontaktowa\u0107 si\u0119 ze stacj\u0105 pogotowia ratunkowego Gorinchem wieczorami i w weekendy.<\/p>\n","protected":false},"excerpt":{"rendered":"<p>W regionie wok\u00f3\u0142 Gorinchem jest 73 lekarzy rodzinnych zrzeszonych w Gorinchem GP Post. Razem zapewniaj\u0105 opiek\u0119 oko\u0142o 164 000 mieszka\u0144com w sze\u015bciu gminach z 45 przychodni lekarskich. Pacjenci z Gorinchem, West Betuwe, Altena, Hardinxveld-Giessendam, Molenlanden i Vijfheerenlanden mog\u0105 przebywa\u0107 blisko domu 24 godziny na dob\u0119, 7 dni w tygodniu, aby zapewni\u0107 wysokiej jako\u015bci opiek\u0119 lekarza rodzinnego. gmina Altena Almerk | Andel | Dussen | Giessen | Hank | Nieuwendijk | Oudendijk | Rijswijk | Sleeuwijk | Rezerwowy | Uppel | Domy goszcz\u0105ce | Werkendam | Woudrichem Gorinchem Gmina Hardinxveld-Giessendam Hardinxveld-Giessendam | Boven-Hardinxveld gmina Molenlanden Arkel | Giessenburg | Giessen-Oudekerk | [&hellip;]<\/p>\n","protected":false},"author":3,"featured_media":0,"parent":0,"menu_order":0,"comment_status":"closed","ping_status":"closed","template":"","meta":{"_acf_changed":false,"_trash_the_other_posts":false,"editor_notices":[],"footnotes":""},"class_list":["post-1870","page","type-page","status-publish","hentry"],"acf":[],"yoast_head":"<!-- This site is optimized with the Yoast SEO plugin v26.6 - https:\/\/yoast.com\/wordpress\/plugins\/seo\/ -->\n<title>Obszar roboczy Stacji Medycznej Lekarza Rodzinnego - Huisartsenspoedpost Gorinchem - Polski<\/title>\n<meta name=\"description\" content=\"Obszar roboczy obejmuje gminy Gorinchem, West Betuwe, Altena, Hardinxveld-Giessendam, Molenlanden i Vijfheerenlanden.\" \/>\n<meta name=\"robots\" content=\"index, follow, max-snippet:-1, max-image-preview:large, max-video-preview:-1\" \/>\n<link rel=\"canonical\" href=\"https:\/\/huisartsenspoedpostgorinchem.nl\/pl\/scena\/\" \/>\n<meta property=\"og:locale\" content=\"pl_PL\" \/>\n<meta property=\"og:type\" content=\"article\" \/>\n<meta property=\"og:title\" content=\"Obszar roboczy Stacji Medycznej Lekarza Rodzinnego - Huisartsenspoedpost Gorinchem - Polski\" \/>\n<meta property=\"og:description\" content=\"Obszar roboczy obejmuje gminy Gorinchem, West Betuwe, Altena, Hardinxveld-Giessendam, Molenlanden i Vijfheerenlanden.\" \/>\n<meta property=\"og:url\" content=\"https:\/\/huisartsenspoedpostgorinchem.nl\/pl\/scena\/\" \/>\n<meta property=\"og:site_name\" content=\"Huisartsenspoedpost Gorinchem - Polski\" \/>\n<meta property=\"article:modified_time\" content=\"2025-02-26T14:33:57+00:00\" \/>\n<meta property=\"og:image\" content=\"https:\/\/huisartsenspoedpostgorinchem.nl\/pl\/wp-content\/uploads\/sites\/156\/2024\/07\/werkgebied_huisartsenpost_gorinchem_2023.png\" \/>\n<meta name=\"twitter:card\" content=\"summary_large_image\" \/>\n<meta name=\"twitter:label1\" content=\"Szacowany czas czytania\" \/>\n\t<meta name=\"twitter:data1\" content=\"2 minuty\" \/>\n<script type=\"application\/ld+json\" class=\"yoast-schema-graph\">{\"@context\":\"https:\/\/schema.org\",\"@graph\":[{\"@type\":\"WebPage\",\"@id\":\"https:\/\/huisartsenspoedpostgorinchem.nl\/pl\/scena\/\",\"url\":\"https:\/\/huisartsenspoedpostgorinchem.nl\/pl\/scena\/\",\"name\":\"Obszar roboczy Stacji Medycznej Lekarza Rodzinnego - Huisartsenspoedpost Gorinchem - Polski\",\"isPartOf\":{\"@id\":\"https:\/\/huisartsenspoedpostgorinchem.nl\/pl\/#website\"},\"primaryImageOfPage\":{\"@id\":\"https:\/\/huisartsenspoedpostgorinchem.nl\/pl\/scena\/#primaryimage\"},\"image\":{\"@id\":\"https:\/\/huisartsenspoedpostgorinchem.nl\/pl\/scena\/#primaryimage\"},\"thumbnailUrl\":\"https:\/\/huisartsenspoedpostgorinchem.nl\/wp-content\/uploads\/sites\/151\/2025\/02\/werkgebied_huisartsenspoedpost_gorinchem-1024x664.png\",\"datePublished\":\"2023-01-10T12:22:47+00:00\",\"dateModified\":\"2025-02-26T14:33:57+00:00\",\"description\":\"Obszar roboczy obejmuje gminy Gorinchem, West Betuwe, Altena, Hardinxveld-Giessendam, Molenlanden i Vijfheerenlanden.\",\"breadcrumb\":{\"@id\":\"https:\/\/huisartsenspoedpostgorinchem.nl\/pl\/scena\/#breadcrumb\"},\"inLanguage\":\"pl-PL\",\"potentialAction\":[{\"@type\":\"ReadAction\",\"target\":[\"https:\/\/huisartsenspoedpostgorinchem.nl\/pl\/scena\/\"]}]},{\"@type\":\"ImageObject\",\"inLanguage\":\"pl-PL\",\"@id\":\"https:\/\/huisartsenspoedpostgorinchem.nl\/pl\/scena\/#primaryimage\",\"url\":\"https:\/\/huisartsenspoedpostgorinchem.nl\/wp-content\/uploads\/sites\/151\/2025\/02\/werkgebied_huisartsenspoedpost_gorinchem-1024x664.png\",\"contentUrl\":\"https:\/\/huisartsenspoedpostgorinchem.nl\/wp-content\/uploads\/sites\/151\/2025\/02\/werkgebied_huisartsenspoedpost_gorinchem-1024x664.png\"},{\"@type\":\"BreadcrumbList\",\"@id\":\"https:\/\/huisartsenspoedpostgorinchem.nl\/pl\/scena\/#breadcrumb\",\"itemListElement\":[{\"@type\":\"ListItem\",\"position\":1,\"name\":\"Home\",\"item\":\"https:\/\/huisartsenspoedpostgorinchem.nl\/pl\/\"},{\"@type\":\"ListItem\",\"position\":2,\"name\":\"Scena\"}]},{\"@type\":\"WebSite\",\"@id\":\"https:\/\/huisartsenspoedpostgorinchem.nl\/pl\/#website\",\"url\":\"https:\/\/huisartsenspoedpostgorinchem.nl\/pl\/\",\"name\":\"Huisartsenspoedpost Gorinchem - Polski\",\"description\":\"\",\"potentialAction\":[{\"@type\":\"SearchAction\",\"target\":{\"@type\":\"EntryPoint\",\"urlTemplate\":\"https:\/\/huisartsenspoedpostgorinchem.nl\/pl\/?s={search_term_string}\"},\"query-input\":{\"@type\":\"PropertyValueSpecification\",\"valueRequired\":true,\"valueName\":\"search_term_string\"}}],\"inLanguage\":\"pl-PL\"}]}<\/script>\n<!-- \/ Yoast SEO plugin. -->","yoast_head_json":{"title":"Obszar roboczy Stacji Medycznej Lekarza Rodzinnego - Huisartsenspoedpost Gorinchem - Polski","description":"Obszar roboczy obejmuje gminy Gorinchem, West Betuwe, Altena, Hardinxveld-Giessendam, Molenlanden i Vijfheerenlanden.","robots":{"index":"index","follow":"follow","max-snippet":"max-snippet:-1","max-image-preview":"max-image-preview:large","max-video-preview":"max-video-preview:-1"},"canonical":"https:\/\/huisartsenspoedpostgorinchem.nl\/pl\/scena\/","og_locale":"pl_PL","og_type":"article","og_title":"Obszar roboczy Stacji Medycznej Lekarza Rodzinnego - Huisartsenspoedpost Gorinchem - Polski","og_description":"Obszar roboczy obejmuje gminy Gorinchem, West Betuwe, Altena, Hardinxveld-Giessendam, Molenlanden i Vijfheerenlanden.","og_url":"https:\/\/huisartsenspoedpostgorinchem.nl\/pl\/scena\/","og_site_name":"Huisartsenspoedpost Gorinchem - Polski","article_modified_time":"2025-02-26T14:33:57+00:00","og_image":[{"url":"https:\/\/huisartsenspoedpostgorinchem.nl\/pl\/wp-content\/uploads\/sites\/156\/2024\/07\/werkgebied_huisartsenpost_gorinchem_2023.png","type":"","width":"","height":""}],"twitter_card":"summary_large_image","twitter_misc":{"Szacowany czas czytania":"2 minuty"},"schema":{"@context":"https:\/\/schema.org","@graph":[{"@type":"WebPage","@id":"https:\/\/huisartsenspoedpostgorinchem.nl\/pl\/scena\/","url":"https:\/\/huisartsenspoedpostgorinchem.nl\/pl\/scena\/","name":"Obszar roboczy Stacji Medycznej Lekarza Rodzinnego - Huisartsenspoedpost Gorinchem - Polski","isPartOf":{"@id":"https:\/\/huisartsenspoedpostgorinchem.nl\/pl\/#website"},"primaryImageOfPage":{"@id":"https:\/\/huisartsenspoedpostgorinchem.nl\/pl\/scena\/#primaryimage"},"image":{"@id":"https:\/\/huisartsenspoedpostgorinchem.nl\/pl\/scena\/#primaryimage"},"thumbnailUrl":"https:\/\/huisartsenspoedpostgorinchem.nl\/wp-content\/uploads\/sites\/151\/2025\/02\/werkgebied_huisartsenspoedpost_gorinchem-1024x664.png","datePublished":"2023-01-10T12:22:47+00:00","dateModified":"2025-02-26T14:33:57+00:00","description":"Obszar roboczy obejmuje gminy Gorinchem, West Betuwe, Altena, Hardinxveld-Giessendam, Molenlanden i Vijfheerenlanden.","breadcrumb":{"@id":"https:\/\/huisartsenspoedpostgorinchem.nl\/pl\/scena\/#breadcrumb"},"inLanguage":"pl-PL","potentialAction":[{"@type":"ReadAction","target":["https:\/\/huisartsenspoedpostgorinchem.nl\/pl\/scena\/"]}]},{"@type":"ImageObject","inLanguage":"pl-PL","@id":"https:\/\/huisartsenspoedpostgorinchem.nl\/pl\/scena\/#primaryimage","url":"https:\/\/huisartsenspoedpostgorinchem.nl\/wp-content\/uploads\/sites\/151\/2025\/02\/werkgebied_huisartsenspoedpost_gorinchem-1024x664.png","contentUrl":"https:\/\/huisartsenspoedpostgorinchem.nl\/wp-content\/uploads\/sites\/151\/2025\/02\/werkgebied_huisartsenspoedpost_gorinchem-1024x664.png"},{"@type":"BreadcrumbList","@id":"https:\/\/huisartsenspoedpostgorinchem.nl\/pl\/scena\/#breadcrumb","itemListElement":[{"@type":"ListItem","position":1,"name":"Home","item":"https:\/\/huisartsenspoedpostgorinchem.nl\/pl\/"},{"@type":"ListItem","position":2,"name":"Scena"}]},{"@type":"WebSite","@id":"https:\/\/huisartsenspoedpostgorinchem.nl\/pl\/#website","url":"https:\/\/huisartsenspoedpostgorinchem.nl\/pl\/","name":"Huisartsenspoedpost Gorinchem - Polski","description":"","potentialAction":[{"@type":"SearchAction","target":{"@type":"EntryPoint","urlTemplate":"https:\/\/huisartsenspoedpostgorinchem.nl\/pl\/?s={search_term_string}"},"query-input":{"@type":"PropertyValueSpecification","valueRequired":true,"valueName":"search_term_string"}}],"inLanguage":"pl-PL"}]}},"_links":{"self":[{"href":"https:\/\/huisartsenspoedpostgorinchem.nl\/pl\/wp-json\/wp\/v2\/pages\/1870","targetHints":{"allow":["GET"]}}],"collection":[{"href":"https:\/\/huisartsenspoedpostgorinchem.nl\/pl\/wp-json\/wp\/v2\/pages"}],"about":[{"href":"https:\/\/huisartsenspoedpostgorinchem.nl\/pl\/wp-json\/wp\/v2\/types\/page"}],"author":[{"embeddable":true,"href":"https:\/\/huisartsenspoedpostgorinchem.nl\/pl\/wp-json\/wp\/v2\/users\/3"}],"replies":[{"embeddable":true,"href":"https:\/\/huisartsenspoedpostgorinchem.nl\/pl\/wp-json\/wp\/v2\/comments?post=1870"}],"version-history":[{"count":14,"href":"https:\/\/huisartsenspoedpostgorinchem.nl\/pl\/wp-json\/wp\/v2\/pages\/1870\/revisions"}],"predecessor-version":[{"id":4784,"href":"https:\/\/huisartsenspoedpostgorinchem.nl\/pl\/wp-json\/wp\/v2\/pages\/1870\/revisions\/4784"}],"wp:attachment":[{"href":"https:\/\/huisartsenspoedpostgorinchem.nl\/pl\/wp-json\/wp\/v2\/media?parent=1870"}],"curies":[{"name":"wp","href":"https:\/\/api.w.org\/{rel}","templated":true}]}}