{"id":1857,"date":"2023-01-10T12:31:06","date_gmt":"2023-01-10T11:31:06","guid":{"rendered":"https:\/\/huisartsenpostgorinchem.nl\/?page_id=1857"},"modified":"2025-12-31T12:41:34","modified_gmt":"2025-12-31T11:41:34","slug":"ile-kosztuje-wizyta-na-pogotowiu-rodzinnym","status":"publish","type":"page","link":"https:\/\/huisartsenspoedpostgorinchem.nl\/pl\/ile-kosztuje-wizyta-na-pogotowiu-rodzinnym\/","title":{"rendered":"Ceny"},"content":{"rendered":"\n<h3 class=\"wp-block-heading\">Ile kosztuje wizyta w Punkcie Ratunkowym w Gorinchem?<\/h3>\n\n\n\n<p>Ka\u017cdy kontakt z Gorinchem GP Emergency Station kosztuje pieni\u0105dze. Musimy te\u017c pobiera\u0107 op\u0142aty za porady telefoniczne. Podstawowe ubezpieczenie pokrywa koszty leczenia lekarza rodzinnego oraz kontaktu z punktem medycznym. Wi\u0119c nie jest to odliczane od udzia\u0142u w\u0142asnego. Czy jeste\u015b ubezpieczony? Wtedy rachunek trafia bezpo\u015brednio do Twojego ubezpieczyciela zdrowotnego. <br><\/p>\n\n\n\n<figure class=\"wp-block-image size-medium is-resized\"><img decoding=\"async\" src=\"https:\/\/huisartsenspoedpostgorinchem.nl\/wp-content\/uploads\/sites\/151\/2025\/02\/HenZTriage-5673-bewerkt-300x200.jpg\" alt=\"een bezoek aan de huisartsenspoedpost kost geld\" class=\"wp-image-5135\" style=\"width:300px\" \/><\/figure>\n\n\n\n<h3 class=\"wp-block-heading\"><br>Brak ubezpieczenia? P\u0142a\u0107 bezpo\u015brednio<\/h3>\n\n\n\n<p>Czy nie jeste\u015b ubezpieczony lub nie mo\u017cesz si\u0119 ujawni\u0107? Nast\u0119pnie koszty konsultacji pokrywa si\u0119 bezpo\u015brednio podczas wizyty w Przychodni Lekarza Rodzinnego Gorinchem. Tam mo\u017cna zap\u0142aci\u0107 kart\u0105. Nast\u0119pnie otrzymasz od nas paragon. Nast\u0119pnie mo\u017cesz samodzielnie zg\u0142osi\u0107 to do swojego ubezpieczyciela zdrowotnego.<br><\/p>\n\n\n\n<h3 class=\"wp-block-heading\">Stawki na dzie\u0144 1 stycznia 2026<\/h3>\n\n\n\n<p>Na dzie\u0144 1 stycznia 2026 roku stawki przedstawiaj\u0105 si\u0119:<\/p>\n\n\n\n<ul class=\"wp-block-list\">\n<li><strong>\u20ac 35,00<\/strong> : Telefoniczna porada od asystenta lekarza\/triagisty.<br><\/li>\n\n\n\n<li><strong>190,55 \u20ac<\/strong> : Wizyta w ambulancie medycznej lub telefoniczna porada od lekarza.<br><\/li>\n\n\n\n<li><strong>\u20ac 285,83<\/strong> : Wizyta w domu przez lekarza rodzinnego.<br><\/li>\n<\/ul>\n\n\n\n<p>Kwoty te zosta\u0142y ustalone przez <a href=\"https:\/\/www.nza.nl\/\" target=\"_blank\" rel=\"noreferrer noopener\">Holenderski Urz\u0105d Opieki<\/a> Zdrowotnej.<\/p>\n\n\n\n<p><\/p>\n","protected":false},"excerpt":{"rendered":"<p>Ile kosztuje wizyta u lekarza rodzinnego poza godzinami pracy? Ka\u017cdy kontakt z Gorinchem GP Post kosztuje. Za konsultacj\u0119 telefoniczn\u0105 pobieramy r\u00f3wnie\u017c op\u0142at\u0119. Podstawowe ubezpieczenie pokrywa koszty lekarza rodzinnego i kontaktu z lekarzem rodzinnym poza godzinami pracy. Nie odlicza si\u0119 od udzia\u0142u w\u0142asnego. Czy jeste\u015b ubezpieczony? Nast\u0119pnie rachunek trafi bezpo\u015brednio do Twojego ubezpieczyciela zdrowotnego. Nie jeste\u015b ubezpieczony lub nie jeste\u015b w stanie si\u0119 wylegitymowa\u0107? Nast\u0119pnie op\u0142acasz koszty konsultacji bezpo\u015brednio podczas wizyty w Gorinchem GP Post. Mo\u017cesz zap\u0142aci\u0107 kart\u0105 debetow\u0105. Nast\u0119pnie otrzymasz dow\u00f3d wp\u0142aty. Nast\u0119pnie mo\u017cesz to zrobi\u0107 samodzielnie w [&#8230;]<\/p>\n","protected":false},"author":3,"featured_media":0,"parent":0,"menu_order":0,"comment_status":"closed","ping_status":"closed","template":"","meta":{"_acf_changed":false,"_trash_the_other_posts":false,"editor_notices":[],"footnotes":""},"class_list":["post-1857","page","type-page","status-publish","hentry"],"acf":[],"yoast_head":"<!-- This site is optimized with the Yoast SEO plugin v26.6 - https:\/\/yoast.com\/wordpress\/plugins\/seo\/ -->\n<title>Ceny - Huisartsenspoedpost Gorinchem - Polski<\/title>\n<meta name=\"description\" content=\"Ka\u017cdy kontakt z Gorinchem GP Post kosztuje. Obowi\u0105zuj\u0105 stawki za konsultacj\u0119 telefoniczn\u0105, konsultacj\u0119 fizyczn\u0105 lub wizyt\u0119 w domu.\" \/>\n<meta name=\"robots\" content=\"index, follow, max-snippet:-1, max-image-preview:large, max-video-preview:-1\" \/>\n<link rel=\"canonical\" href=\"https:\/\/huisartsenspoedpostgorinchem.nl\/tarieven\/\" \/>\n<meta property=\"og:locale\" content=\"pl_PL\" \/>\n<meta property=\"og:type\" content=\"article\" \/>\n<meta property=\"og:title\" content=\"Ceny - Huisartsenspoedpost Gorinchem - Polski\" \/>\n<meta property=\"og:description\" content=\"Ka\u017cdy kontakt z Gorinchem GP Post kosztuje. Obowi\u0105zuj\u0105 stawki za konsultacj\u0119 telefoniczn\u0105, konsultacj\u0119 fizyczn\u0105 lub wizyt\u0119 w domu.\" \/>\n<meta property=\"og:url\" content=\"https:\/\/huisartsenspoedpostgorinchem.nl\/tarieven\/\" \/>\n<meta property=\"og:site_name\" content=\"Huisartsenspoedpost Gorinchem - Polski\" \/>\n<meta property=\"article:modified_time\" content=\"2025-12-31T11:41:34+00:00\" \/>\n<meta name=\"twitter:card\" content=\"summary_large_image\" \/>\n<meta name=\"twitter:label1\" content=\"Szacowany czas czytania\" \/>\n\t<meta name=\"twitter:data1\" content=\"1 minuta\" \/>\n<script type=\"application\/ld+json\" class=\"yoast-schema-graph\">{\"@context\":\"https:\/\/schema.org\",\"@graph\":[{\"@type\":\"WebPage\",\"@id\":\"https:\/\/huisartsenspoedpostgorinchem.nl\/pl\/stawki-huisartsenpost-gorinchem\/\",\"url\":\"https:\/\/huisartsenspoedpostgorinchem.nl\/tarieven\/\",\"name\":\"Ceny - Huisartsenspoedpost Gorinchem - Polski\",\"isPartOf\":{\"@id\":\"https:\/\/huisartsenspoedpostgorinchem.nl\/pl\/#website\"},\"primaryImageOfPage\":{\"@id\":\"https:\/\/huisartsenspoedpostgorinchem.nl\/tarieven\/#primaryimage\"},\"image\":{\"@id\":\"https:\/\/huisartsenspoedpostgorinchem.nl\/tarieven\/#primaryimage\"},\"thumbnailUrl\":\"https:\/\/huisartsenspoedpostgorinchem.nl\/wp-content\/uploads\/sites\/151\/2025\/02\/HenZTriage-5673-bewerkt-300x200.jpg\",\"datePublished\":\"2023-01-10T11:31:06+00:00\",\"dateModified\":\"2025-12-31T11:41:34+00:00\",\"description\":\"Ka\u017cdy kontakt z Gorinchem GP Post kosztuje. Obowi\u0105zuj\u0105 stawki za konsultacj\u0119 telefoniczn\u0105, konsultacj\u0119 fizyczn\u0105 lub wizyt\u0119 w domu.\",\"breadcrumb\":{\"@id\":\"https:\/\/huisartsenspoedpostgorinchem.nl\/tarieven\/#breadcrumb\"},\"inLanguage\":\"pl-PL\",\"potentialAction\":[{\"@type\":\"ReadAction\",\"target\":[\"https:\/\/huisartsenspoedpostgorinchem.nl\/tarieven\/\"]}]},{\"@type\":\"ImageObject\",\"inLanguage\":\"pl-PL\",\"@id\":\"https:\/\/huisartsenspoedpostgorinchem.nl\/tarieven\/#primaryimage\",\"url\":\"https:\/\/huisartsenspoedpostgorinchem.nl\/wp-content\/uploads\/sites\/151\/2025\/02\/HenZTriage-5673-bewerkt-300x200.jpg\",\"contentUrl\":\"https:\/\/huisartsenspoedpostgorinchem.nl\/wp-content\/uploads\/sites\/151\/2025\/02\/HenZTriage-5673-bewerkt-300x200.jpg\"},{\"@type\":\"BreadcrumbList\",\"@id\":\"https:\/\/huisartsenspoedpostgorinchem.nl\/tarieven\/#breadcrumb\",\"itemListElement\":[{\"@type\":\"ListItem\",\"position\":1,\"name\":\"Home\",\"item\":\"https:\/\/huisartsenspoedpostgorinchem.nl\/pl\/\"},{\"@type\":\"ListItem\",\"position\":2,\"name\":\"Stawki\"}]},{\"@type\":\"WebSite\",\"@id\":\"https:\/\/huisartsenspoedpostgorinchem.nl\/pl\/#website\",\"url\":\"https:\/\/huisartsenspoedpostgorinchem.nl\/pl\/\",\"name\":\"Huisartsenspoedpost Gorinchem - Polski\",\"description\":\"\",\"potentialAction\":[{\"@type\":\"SearchAction\",\"target\":{\"@type\":\"EntryPoint\",\"urlTemplate\":\"https:\/\/huisartsenspoedpostgorinchem.nl\/pl\/?s={search_term_string}\"},\"query-input\":{\"@type\":\"PropertyValueSpecification\",\"valueRequired\":true,\"valueName\":\"search_term_string\"}}],\"inLanguage\":\"pl-PL\"}]}<\/script>\n<!-- \/ Yoast SEO plugin. -->","yoast_head_json":{"title":"Ceny - Huisartsenspoedpost Gorinchem - Polski","description":"Ka\u017cdy kontakt z Gorinchem GP Post kosztuje. Obowi\u0105zuj\u0105 stawki za konsultacj\u0119 telefoniczn\u0105, konsultacj\u0119 fizyczn\u0105 lub wizyt\u0119 w domu.","robots":{"index":"index","follow":"follow","max-snippet":"max-snippet:-1","max-image-preview":"max-image-preview:large","max-video-preview":"max-video-preview:-1"},"canonical":"https:\/\/huisartsenspoedpostgorinchem.nl\/tarieven\/","og_locale":"pl_PL","og_type":"article","og_title":"Ceny - Huisartsenspoedpost Gorinchem - Polski","og_description":"Ka\u017cdy kontakt z Gorinchem GP Post kosztuje. Obowi\u0105zuj\u0105 stawki za konsultacj\u0119 telefoniczn\u0105, konsultacj\u0119 fizyczn\u0105 lub wizyt\u0119 w domu.","og_url":"https:\/\/huisartsenspoedpostgorinchem.nl\/tarieven\/","og_site_name":"Huisartsenspoedpost Gorinchem - Polski","article_modified_time":"2025-12-31T11:41:34+00:00","twitter_card":"summary_large_image","twitter_misc":{"Szacowany czas czytania":"1 minuta"},"schema":{"@context":"https:\/\/schema.org","@graph":[{"@type":"WebPage","@id":"https:\/\/huisartsenspoedpostgorinchem.nl\/pl\/stawki-huisartsenpost-gorinchem\/","url":"https:\/\/huisartsenspoedpostgorinchem.nl\/tarieven\/","name":"Ceny - Huisartsenspoedpost Gorinchem - Polski","isPartOf":{"@id":"https:\/\/huisartsenspoedpostgorinchem.nl\/pl\/#website"},"primaryImageOfPage":{"@id":"https:\/\/huisartsenspoedpostgorinchem.nl\/tarieven\/#primaryimage"},"image":{"@id":"https:\/\/huisartsenspoedpostgorinchem.nl\/tarieven\/#primaryimage"},"thumbnailUrl":"https:\/\/huisartsenspoedpostgorinchem.nl\/wp-content\/uploads\/sites\/151\/2025\/02\/HenZTriage-5673-bewerkt-300x200.jpg","datePublished":"2023-01-10T11:31:06+00:00","dateModified":"2025-12-31T11:41:34+00:00","description":"Ka\u017cdy kontakt z Gorinchem GP Post kosztuje. Obowi\u0105zuj\u0105 stawki za konsultacj\u0119 telefoniczn\u0105, konsultacj\u0119 fizyczn\u0105 lub wizyt\u0119 w domu.","breadcrumb":{"@id":"https:\/\/huisartsenspoedpostgorinchem.nl\/tarieven\/#breadcrumb"},"inLanguage":"pl-PL","potentialAction":[{"@type":"ReadAction","target":["https:\/\/huisartsenspoedpostgorinchem.nl\/tarieven\/"]}]},{"@type":"ImageObject","inLanguage":"pl-PL","@id":"https:\/\/huisartsenspoedpostgorinchem.nl\/tarieven\/#primaryimage","url":"https:\/\/huisartsenspoedpostgorinchem.nl\/wp-content\/uploads\/sites\/151\/2025\/02\/HenZTriage-5673-bewerkt-300x200.jpg","contentUrl":"https:\/\/huisartsenspoedpostgorinchem.nl\/wp-content\/uploads\/sites\/151\/2025\/02\/HenZTriage-5673-bewerkt-300x200.jpg"},{"@type":"BreadcrumbList","@id":"https:\/\/huisartsenspoedpostgorinchem.nl\/tarieven\/#breadcrumb","itemListElement":[{"@type":"ListItem","position":1,"name":"Home","item":"https:\/\/huisartsenspoedpostgorinchem.nl\/pl\/"},{"@type":"ListItem","position":2,"name":"Stawki"}]},{"@type":"WebSite","@id":"https:\/\/huisartsenspoedpostgorinchem.nl\/pl\/#website","url":"https:\/\/huisartsenspoedpostgorinchem.nl\/pl\/","name":"Huisartsenspoedpost Gorinchem - Polski","description":"","potentialAction":[{"@type":"SearchAction","target":{"@type":"EntryPoint","urlTemplate":"https:\/\/huisartsenspoedpostgorinchem.nl\/pl\/?s={search_term_string}"},"query-input":{"@type":"PropertyValueSpecification","valueRequired":true,"valueName":"search_term_string"}}],"inLanguage":"pl-PL"}]}},"_links":{"self":[{"href":"https:\/\/huisartsenspoedpostgorinchem.nl\/pl\/wp-json\/wp\/v2\/pages\/1857","targetHints":{"allow":["GET"]}}],"collection":[{"href":"https:\/\/huisartsenspoedpostgorinchem.nl\/pl\/wp-json\/wp\/v2\/pages"}],"about":[{"href":"https:\/\/huisartsenspoedpostgorinchem.nl\/pl\/wp-json\/wp\/v2\/types\/page"}],"author":[{"embeddable":true,"href":"https:\/\/huisartsenspoedpostgorinchem.nl\/pl\/wp-json\/wp\/v2\/users\/3"}],"replies":[{"embeddable":true,"href":"https:\/\/huisartsenspoedpostgorinchem.nl\/pl\/wp-json\/wp\/v2\/comments?post=1857"}],"version-history":[{"count":9,"href":"https:\/\/huisartsenspoedpostgorinchem.nl\/pl\/wp-json\/wp\/v2\/pages\/1857\/revisions"}],"predecessor-version":[{"id":4851,"href":"https:\/\/huisartsenspoedpostgorinchem.nl\/pl\/wp-json\/wp\/v2\/pages\/1857\/revisions\/4851"}],"wp:attachment":[{"href":"https:\/\/huisartsenspoedpostgorinchem.nl\/pl\/wp-json\/wp\/v2\/media?parent=1857"}],"curies":[{"name":"wp","href":"https:\/\/api.w.org\/{rel}","templated":true}]}}